{"id":7229,"date":"2025-06-23T10:48:20","date_gmt":"2025-06-23T07:48:20","guid":{"rendered":"https:\/\/www.gozdelazer.com\/goz\/?page_id=7229"},"modified":"2025-06-23T10:49:25","modified_gmt":"2025-06-23T07:49:25","slug":"ziyaretci-ve-refakatci-kurallari","status":"publish","type":"page","link":"https:\/\/www.gozdelazer.com\/goz\/ziyaretci-ve-refakatci-kurallari\/","title":{"rendered":"Z\u0130YARET\u00c7\u0130 VE REFAKAT\u00c7I KURALLARI"},"content":{"rendered":"\t\t<div data-elementor-type=\"wp-page\" data-elementor-id=\"7229\" class=\"elementor elementor-7229\">\n\t\t\t\t<div class=\"elementor-element elementor-element-71e154e e-flex e-con-boxed e-con e-parent\" data-id=\"71e154e\" data-element_type=\"container\" data-e-type=\"container\">\n\t\t\t\t\t<div class=\"e-con-inner\">\n\t\t\t\t<div class=\"elementor-element elementor-element-25362ab elementor-widget elementor-widget-text-editor\" data-id=\"25362ab\" data-element_type=\"widget\" data-e-type=\"widget\" data-widget_type=\"text-editor.default\">\n\t\t\t\t\t\t\t\t\t<p style=\"text-align: justify;\"><strong>SA\u011eLIK TES\u0130S\u0130 HASTA Z\u0130YARET KURALLARI <\/strong><\/p><p style=\"text-align: justify;\">Sevdikleriniz ve aileniz ile beraber olmak, iyile\u015fme s\u00fcrecinin \u00f6nemli bir par\u00e7as\u0131d\u0131r. Siz de\u011ferli ziyaret\u00e7ilerimizin hastalar\u0131n\u0131zla zaman ge\u00e7irmesi bizim i\u00e7in \u00f6nemlidir. Sa\u011fl\u0131k tesisimizde yatan b\u00fct\u00fcn hastalar\u0131n huzuru ve rahat\u0131 i\u00e7in sizlerin a\u015fa\u011f\u0131da yer alan konulara \u00f6zen g\u00f6stermeniz gerekmektedir.<\/p><p style=\"text-align: justify;\"><strong>Ziyaret\u00e7ilerin Uymas\u0131 Gereken Kurallar<\/strong><\/p><ul style=\"text-align: justify;\"><li>Bir hasta i\u00e7in zaruri durumlar d\u0131\u015f\u0131nda ayn\u0131 anda ikiden fazla ziyaret\u00e7i al\u0131nmamakta olup, hasta ziyaretleri k\u0131sa tutulmal\u0131d\u0131r.<\/li><li>Hasta ziyaret\u00e7ilerinin tuvalet ve lavabo ihtiyac\u0131n\u0131 gidermek i\u00e7in, katlarda bulunan genel kullan\u0131ma a\u00e7\u0131k tuvalet ve lavabolar\u0131 kullanmas\u0131 gerekmektedir.<\/li><li>Ziyaret \u00f6ncesi ve sonras\u0131 eller y\u0131kanmal\u0131d\u0131r.<\/li><li>Hastalar\u0131m\u0131z\u0131n tedavi ve muayene i\u015flemleri s\u0131ras\u0131nda ziyaret\u00e7ilerin odadan \u00e7\u0131karak hasta mahremiyetine \u00f6zen g\u00f6stermesi beklenmektedir.<\/li><li>Ziyaret\u00e7ilerimizin sa\u011fl\u0131k tesisi kapal\u0131 alan\u0131 i\u00e7erisinde sigara i\u00e7mesi kesinlikle yasakt\u0131r. \u0130\u00e7ilmesi halinde yasal h\u00fck\u00fcmler uygulan\u0131r.<\/li><li>Hasta ziyareti esnas\u0131nda g\u00fcr\u00fclt\u00fc yap\u0131lmamal\u0131 ve y\u00fcksek sesle konu\u015fulmamal\u0131d\u0131r.<\/li><li>Nezle ve so\u011fuk alg\u0131nl\u0131\u011f\u0131 gibi bula\u015f\u0131c\u0131 hastal\u0131klar\u0131n varl\u0131\u011f\u0131nda hasta ziyareti sak\u0131ncal\u0131 olmaktad\u0131r.<\/li><\/ul><p style=\"text-align: justify;\"><strong>SA\u011eLIK TES\u0130S\u0130 REFAKAT\u00c7\u0130 KURALLARI<\/strong><\/p><p style=\"text-align: justify;\"><strong>Refakat\u00e7ilerin a\u015fa\u011f\u0131da listelenen sa\u011fl\u0131k tesisi kurallar\u0131na uymalar\u0131 gerekmektedir;<\/strong><\/p><ul><li style=\"text-align: justify;\">Hekimin l\u00fczumlu g\u00f6rd\u00fc\u011f\u00fc hastalar i\u00e7in refakat\u00e7i kal\u0131nmas\u0131na izin verilir.<\/li><li style=\"text-align: justify;\">Her hastan\u0131n yan\u0131nda en fazla 1 refakat\u00e7i bulunabilir, birden fazla refakat\u00e7iye izin verilmez.<\/li><li style=\"text-align: justify;\">Refakat\u00e7inin sa\u011fl\u0131k tesisinin t\u00fcm kurallar\u0131na uymas\u0131 beklenmektedir.<\/li><li style=\"text-align: justify;\">Refakat\u00e7inin hastan\u0131n yan\u0131ndan ayr\u0131laca\u011f\u0131 durumlarda Sa\u011fl\u0131k Personeline bilgi verilmelidir.<\/li><li style=\"text-align: justify;\">Refakat\u00e7i sa\u011fl\u0131k tesisi i\u00e7inde t\u00fct\u00fcn ve alkol kullanmamal\u0131d\u0131r.<\/li><li style=\"text-align: justify;\">Refakat\u00e7iler k\u0131rm\u0131z\u0131 po\u015fetli kovalara (t\u0131bbi at\u0131k kovalar\u0131) \u00e7\u00f6p atmamal\u0131d\u0131r.<\/li><li style=\"text-align: justify;\">Sa\u011fl\u0131k tesisi i\u00e7indeki uyar\u0131 ve ikaz levhalar\u0131na uyman\u0131z gerekmektedir.<\/li><li style=\"text-align: justify;\">Hasta ve hasta yak\u0131nlar\u0131na daha iyi hizmet verilebilmesi i\u00e7in sa\u011fl\u0131k tesisi ile ilgili g\u00f6r\u00fc\u015f ve \u00f6nerilerinizi her bulunan <strong>\u201cG\u00d6R\u00dc\u015e \u00d6NER\u0130\u201d<\/strong> kutular\u0131na b\u0131rakabilirsiniz. Hasta Haklar\u0131 Birimine \u015fahsen ba\u015fvurabilir veya T\u0131p Merkezimiz Web sayfas\u0131nda yer alan <strong>\u201c\u0130leti\u015fim\u201d<\/strong> b\u00f6l\u00fcm\u00fcnden bize iletebilirsiniz.<\/li><\/ul>\t\t\t\t\t\t\t\t<\/div>\n\t\t\t\t\t<\/div>\n\t\t\t\t<\/div>\n\t\t\t\t<\/div>\n\t\t","protected":false},"excerpt":{"rendered":"<p>SA\u011eLIK TES\u0130S\u0130 HASTA Z\u0130YARET KURALLARI Sevdikleriniz ve aileniz ile beraber olmak, iyile\u015fme s\u00fcrecinin \u00f6nemli bir par\u00e7as\u0131d\u0131r. Siz de\u011ferli ziyaret\u00e7ilerimizin hastalar\u0131n\u0131zla zaman ge\u00e7irmesi bizim i\u00e7in \u00f6nemlidir. Sa\u011fl\u0131k tesisimizde yatan b\u00fct\u00fcn hastalar\u0131n huzuru ve rahat\u0131 i\u00e7in sizlerin a\u015fa\u011f\u0131da yer alan konulara \u00f6zen g\u00f6stermeniz gerekmektedir. Ziyaret\u00e7ilerin Uymas\u0131 Gereken Kurallar Bir hasta i\u00e7in zaruri durumlar d\u0131\u015f\u0131nda ayn\u0131 anda ikiden [&hellip;]<\/p>\n","protected":false},"author":1,"featured_media":0,"parent":0,"menu_order":0,"comment_status":"closed","ping_status":"closed","template":"","meta":{"footnotes":""},"class_list":["post-7229","page","type-page","status-publish","hentry"],"_links":{"self":[{"href":"https:\/\/www.gozdelazer.com\/goz\/wp-json\/wp\/v2\/pages\/7229","targetHints":{"allow":["GET"]}}],"collection":[{"href":"https:\/\/www.gozdelazer.com\/goz\/wp-json\/wp\/v2\/pages"}],"about":[{"href":"https:\/\/www.gozdelazer.com\/goz\/wp-json\/wp\/v2\/types\/page"}],"author":[{"embeddable":true,"href":"https:\/\/www.gozdelazer.com\/goz\/wp-json\/wp\/v2\/users\/1"}],"replies":[{"embeddable":true,"href":"https:\/\/www.gozdelazer.com\/goz\/wp-json\/wp\/v2\/comments?post=7229"}],"version-history":[{"count":4,"href":"https:\/\/www.gozdelazer.com\/goz\/wp-json\/wp\/v2\/pages\/7229\/revisions"}],"predecessor-version":[{"id":7233,"href":"https:\/\/www.gozdelazer.com\/goz\/wp-json\/wp\/v2\/pages\/7229\/revisions\/7233"}],"wp:attachment":[{"href":"https:\/\/www.gozdelazer.com\/goz\/wp-json\/wp\/v2\/media?parent=7229"}],"curies":[{"name":"wp","href":"https:\/\/api.w.org\/{rel}","templated":true}]}}