{"id":6554,"date":"2025-04-29T11:27:03","date_gmt":"2025-04-29T08:27:03","guid":{"rendered":"https:\/\/www.gozdelazer.com\/goz\/?page_id=6554"},"modified":"2025-05-04T21:23:13","modified_gmt":"2025-05-04T18:23:13","slug":"hasta-haklari","status":"publish","type":"page","link":"https:\/\/www.gozdelazer.com\/goz\/hasta-haklari\/","title":{"rendered":"Hasta Haklar\u0131"},"content":{"rendered":"\t\t<div data-elementor-type=\"wp-page\" data-elementor-id=\"6554\" class=\"elementor elementor-6554\">\n\t\t\t\t<div class=\"elementor-element elementor-element-a1a8d9d e-flex e-con-boxed e-con e-parent\" data-id=\"a1a8d9d\" data-element_type=\"container\" data-e-type=\"container\">\n\t\t\t\t\t<div class=\"e-con-inner\">\n\t\t\t\t<div class=\"elementor-element elementor-element-943c3fd elementor-widget elementor-widget-text-editor\" data-id=\"943c3fd\" data-element_type=\"widget\" data-e-type=\"widget\" data-widget_type=\"text-editor.default\">\n\t\t\t\t\t\t\t\t\t<p style=\"text-align: justify;\" align=\"center\"><strong>HASTA HAKLARI VE SORUMLULUKLARI<\/strong><\/p>\n<p style=\"text-align: justify;\">Sa\u011fl\u0131k hizmetleri, ya\u015famsal \u00f6nemi nedeniyle, ki\u015filerin hak ve sorumluluklar\u0131ndan \u00f6d\u00fcn verilemez niteliktedir. Hastanelerimize ba\u015fvuran t\u00fcm hastalar\u0131m\u0131z ve yak\u0131nlar\u0131n\u0131n hastanelerimizden hizmet ald\u0131klar\u0131 s\u00fcre i\u00e7inde sahip olduklar\u0131 t\u00fcm haklar\u0131na sayg\u0131 duyuyoruz. T.C. Sa\u011fl\u0131k Bakanl\u0131\u011f\u0131 Hasta Haklar\u0131 Y\u00f6netmeli\u011fi\u2019nden yararlanarak haz\u0131rlad\u0131\u011f\u0131m\u0131z bu kaynak; hastalar\u0131m\u0131z\u0131 sahip olduklar\u0131 haklar ve hizmet al\u0131m\u0131 s\u0131ras\u0131nda yerine getirmeleri gereken sorumluluklar\u0131 hakk\u0131nda bilgilendirme ama\u00e7l\u0131d\u0131r.<\/p>\n<p style=\"text-align: justify;\" align=\"center\"><strong>Hasta Haklar\u0131<\/strong><\/p>\n<p style=\"text-align: justify;\">Hasta haklar\u0131 uluslararas\u0131 ve ulusal mevzuat ile teminat alt\u0131na al\u0131nan, t\u0131bbi yard\u0131m talep eden ve bu ama\u00e7la bir sa\u011fl\u0131k kurulu\u015funa ba\u015fvuran ki\u015finin o sa\u011fl\u0131k kurulu\u015funda kendisine verilen t\u00fcm hizmet s\u00fcreci i\u00e7erisinde haklar\u0131n\u0131n korunmas\u0131 ad\u0131na yap\u0131lan uygulamalar\u0131n tamam\u0131d\u0131r.<\/p>\n<p style=\"text-align: justify;\">Hasta haklar\u0131, insan sa\u011fl\u0131\u011f\u0131n\u0131n y\u00fcksek d\u00fczeyde korunmas\u0131n\u0131 ve sa\u011fl\u0131k hizmetlerinin y\u00fcksek kalitede verilmesini ama\u00e7lar.<\/p>\n<p style=\"text-align: justify;\"><strong>1. Hizmetlerden Yararlanma Hakk\u0131<\/strong><\/p>\n<p style=\"text-align: justify;\">Hastanemize ba\u015fvuran her birey, dil, din, \u0131rk veya mezhep ayr\u0131m\u0131 yap\u0131lmaks\u0131z\u0131n t\u00fcm hizmetlerden yararlanma hakk\u0131na sahiptir. Hayat\u0131n\u0131 sa\u011fl\u0131kla s\u00fcrd\u00fcrmesi i\u00e7in gerekli olan koruyucu ve tedavi edici sa\u011fl\u0131k hizmetlerinden hakkaniyet i\u00e7erisinde yararlanma hakk\u0131na sahiptir.<\/p>\n<p style=\"text-align: justify;\"><strong>2. Bilgilendirme ve Bilgi \u0130steme Hakk\u0131<\/strong><\/p>\n<p style=\"text-align: justify;\">Hastalar\u0131m\u0131z hem sa\u011fl\u0131k durumu hakk\u0131nda hem de mevcut sa\u011fl\u0131k hizmetleri ve onlardan nas\u0131l yararlanabilece\u011fi konusunda bilgi alma, kendisi ve hastal\u0131klar\u0131yla ilgili belgeleri g\u00f6rme ve edinme hakk\u0131na sahiptir.<\/p>\n<p style=\"text-align: justify;\"><strong>3. R\u0131za ve Onay Hakk\u0131<\/strong><\/p>\n<p style=\"text-align: justify;\">Hastalar\u0131m\u0131z yeterli \u00f6l\u00e7\u00fcde bilgilendirildikten sonra \u00f6nerilen tedaviyi kabul etme, reddetme ya da durdurulmas\u0131n\u0131 isteme hakk\u0131na sahiptir.<\/p>\n<p style=\"text-align: justify;\"><strong>4. Sa\u011fl\u0131k Kurulu\u015funu ve Personelini, Se\u00e7me ve De\u011fi\u015ftirme Hakk\u0131<\/strong><\/p>\n<p style=\"text-align: justify;\">Hastalar\u0131m\u0131z hangi tan\u0131 ve tedavi y\u00f6nteminin kullan\u0131laca\u011f\u0131n\u0131, tedavilerinden sorumlu doktor, hem\u015fire ve di\u011fer sa\u011fl\u0131k personelini se\u00e7me ve de\u011fi\u015ftirme hakk\u0131na sahiptir.<\/p>\n<p style=\"text-align: justify;\"><strong>5. Mahremiyet ve Gizlilik Hakk\u0131<\/strong><\/p>\n<p style=\"text-align: justify;\">Hastalar\u0131m\u0131z ki\u015fisel bilgilerinin, sa\u011fl\u0131k durumlar\u0131n\u0131n, te\u015fhis ve tedavi s\u00fcre\u00e7lerinin veya \u00f6zel ziyaretlerinin i\u00e7eri\u011finin gizli tutulmas\u0131n\u0131 talep etme hakk\u0131na sahiptir.<\/p>\n<p style=\"text-align: justify;\"><strong>6. Sayg\u0131nl\u0131k G\u00f6rme Hakk\u0131<\/strong><\/p>\n<p style=\"text-align: justify;\">Hastalar\u0131m\u0131z g\u00fcler y\u00fczl\u00fc, nazik, \u015fefkatli yakla\u015f\u0131mla ve temiz \u00e7a\u011fda\u015f bir ortamda sa\u011fl\u0131k hizmeti alma hakk\u0131na sahiptir.<\/p>\n<p style=\"text-align: justify;\"><strong>7. Dini Vecibelerini Yerine Getirme Hakk\u0131<\/strong><\/p>\n<p style=\"text-align: justify;\">Hastalar\u0131m\u0131z sa\u011fl\u0131k tesisinin imk\u00e2nlar\u0131 \u00f6l\u00e7\u00fcs\u00fcnde ve tedaviye engel olmad\u0131\u011f\u0131 s\u00fcrece dini vecibelerini yerine getirme hakk\u0131na sahiptir.<\/p>\n<p style=\"text-align: justify;\"><strong>8. Ziyaret ve Refakat Hakk\u0131<\/strong><\/p>\n<p style=\"text-align: justify;\">Hastalar\u0131m\u0131z hastanemiz taraf\u0131ndan belirlenen usul ve esaslara uygun bir \u015fekilde ziyaret\u00e7i kabul etme ve refakat\u00e7i bulundurma hakk\u0131na sahiptir.<\/p>\n<p style=\"text-align: justify;\"><strong>9. G\u00fcvenlik Hakk\u0131<\/strong><\/p>\n<p style=\"text-align: justify;\">Hastalar\u0131m\u0131z can ve mal g\u00fcvenliklerinin korunmas\u0131 ve sa\u011fl\u0131k hizmetlerindeki risklerden ve t\u0131bbi hatalardan korunma hakk\u0131na sahiptir.*<br><strong>10. Kons\u00fcltasyon ve \u0130kinci G\u00f6r\u00fc\u015f isteme Hakk\u0131<\/strong><\/p>\n<p style=\"text-align: justify;\">Hastalar\u0131m\u0131z tedavisi ile ilgilenen hekim d\u0131\u015f\u0131nda ayn\u0131 bran\u015fta g\u00f6rev yapan bir ba\u015fka hekimden sa\u011fl\u0131k durumu hakk\u0131nda bilgi alma ya da farkl\u0131 bir bran\u015ftan bir uzman ile kons\u00fcltasyon yap\u0131lmas\u0131n\u0131 isteme hakk\u0131na sahiptir.<\/p>\n<p style=\"text-align: justify;\"><strong>11. \u015eik\u00e2yet \/G\u00f6r\u00fc\u015f ve \u00d6neri Bildirme Hakk\u0131<\/strong><\/p>\n<p style=\"text-align: justify;\">Hastalar\u0131m\u0131z haklar\u0131n\u0131n ihmali halinde hastanemizde \u015fik\u00e2yet mekanizmas\u0131n\u0131n ba\u015flat\u0131lmas\u0131, g\u00f6zden ge\u00e7irilmesi, sonu\u00e7land\u0131r\u0131lmas\u0131 ve sonucundan haberdar edilmesi hakk\u0131na sahiptir.<\/p>\n<p style=\"text-align: justify;\"><strong>*&nbsp;<\/strong><em>G\u00fcvenlik nedeniyle&nbsp;<\/em><em>hastanelerimizin kamu a\u00e7\u0131k, genel alanlar\u0131nda kamera \u00e7ekimleri ger\u00e7ekle\u015ftirilmektedir. Ancak hasta odas\u0131, hekim odas\u0131 gibi mahremiyet gerektiren alanlarda bu \u00f6nlem uygulanmamaktad\u0131r.<\/em><\/p>\n<p style=\"text-align: justify;\"><strong>Hasta Sorumluluklar\u0131<\/strong><\/p>\n<p style=\"text-align: justify;\">Hasta sorumluluklar\u0131 hastan\u0131n bir sa\u011fl\u0131k kurulusuna ba\u015fvurmadan ve ba\u015fvurduktan sonraki s\u00fcre\u00e7te yerine getirmesi gereken \u00f6dev ve y\u00fck\u00fcml\u00fcl\u00fcklerdir.&nbsp;<\/p>\n<p style=\"text-align: justify;\"><strong>1. Genel Sorumluluklar<\/strong><\/p>\n<ul style=\"text-align: justify;\">\n<li>Hastalar\u0131m\u0131z kendi sa\u011fl\u0131\u011f\u0131na dikkat etmek i\u00e7in elinden geleni yapmaktan ve sa\u011fl\u0131kl\u0131 bir ya\u015fam i\u00e7in verilen tavsiyelere uymaktan sorumludur.<\/li>\n<li>Ki\u015fi uygunsa kan verebilir ya da organ ba\u011f\u0131\u015f\u0131nda bulunabilir.<\/li>\n<li>Basit durumlarda ki\u015filer kendi bak\u0131mlar\u0131n\u0131 yapmaktan sorumludur.<\/li>\n<\/ul>\n<p style=\"text-align: justify;\"><strong><br><\/strong><\/p><p style=\"text-align: justify;\"><strong>2. Sosyal G\u00fcvenlik Durumu<\/strong><\/p>\n<ul style=\"text-align: justify;\">\n<li>Hastalar\u0131m\u0131z sa\u011fl\u0131k, sosyal g\u00fcvenlik ve ki\u015fisel bilgilerindeki de\u011fi\u015fiklikleri zaman\u0131nda bildirmekten sorumludur.<\/li>\n<\/ul>\n<p style=\"text-align: justify;\"><strong><br><\/strong><\/p><p style=\"text-align: justify;\"><strong>3. Sa\u011fl\u0131k \u00c7al\u0131\u015fanlar\u0131n\u0131 Bilgilendirme<\/strong><\/p>\n<ul style=\"text-align: justify;\">\n<li>Hastalar\u0131m\u0131z yak\u0131nmalar\u0131n\u0131, daha \u00f6nce ge\u00e7irdi\u011fi hastal\u0131klar\u0131, yatarak herhangi bir tedavi g\u00f6r\u00fcp g\u00f6rmedi\u011fini, e\u011fer varsa halen kulland\u0131\u011f\u0131 ila\u00e7lar\u0131 ve t\u00fcm sa\u011fl\u0131\u011f\u0131yla ilgili bilgileri tam, eksiksiz bildirmekten sorumludur.<\/li>\n<\/ul>\n<p style=\"text-align: justify;\"><strong><br><\/strong><\/p><p style=\"text-align: justify;\"><strong>4. Hastane Kurallar\u0131na Uyma<\/strong><\/p>\n<ul style=\"text-align: justify;\">\n<li>Hastalar\u0131m\u0131z ba\u015fvurdu\u011fu sa\u011fl\u0131k kurulu\u015funun kural ve uygulamalar\u0131na uymaktan sorumludur.<\/li>\n<li>Hastalar\u0131m\u0131z Sa\u011fl\u0131k Bakanl\u0131\u011f\u0131 ve ilgili sosyal g\u00fcvenlik kurumlar\u0131nca belirlenen sevk zincirine uymaktan sorumludur.<\/li>\n<li>Hastalar\u0131m\u0131z\u0131n tedavi, bak\u0131m ve rehabilitasyon s\u00fcrecinde sa\u011fl\u0131k \u00e7al\u0131\u015fanlar\u0131 ile i\u015f birli\u011fi i\u00e7inde olmaktan sorumludur.<\/li>\n<li>Hastalar\u0131m\u0131z tetkik ve tedavi giderlerini \u00f6demekten sorumludur.<\/li>\n<li>Hastalar\u0131m\u0131z randevulu hizmet veren bir sa\u011fl\u0131k tesisinden yararlan\u0131yorsa randevunun tarih ve saatine uymaktan ve de\u011fi\u015fiklikleri ilgili yere bildirmekten sorumludur.<\/li>\n<li>Hastalar\u0131m\u0131z hastane personelinin, di\u011fer hastalar\u0131n ve ziyaret\u00e7ilerin haklar\u0131na sayg\u0131 g\u00f6stermekten sorumludur.<\/li>\n<li>Hastalar\u0131m\u0131z hastane malzemelerine verece\u011fi zararlar\u0131 kar\u015f\u0131lamaktan sorumludur.<\/li>\n<\/ul>\n<p style=\"text-align: justify;\"><strong><br><\/strong><\/p><p style=\"text-align: justify;\"><strong>5. Tedavisi \u0130le \u0130lgili \u00d6nerilere Uyma<\/strong><\/p>\n<ul style=\"text-align: justify;\">\n<li>Hastalar\u0131m\u0131z tedavisi ve ila\u00e7larla ilgili tavsiyeleri dikkatle dinlemek ve anlayamad\u0131\u011f\u0131 yerleri sormaktan sorumludur.<\/li>\n<li>Hastalar\u0131m\u0131z\u0131n tedavisiyle ilgili \u00f6nerilere uyum sa\u011flayamama durumu s\u00f6z konusu ise bunu sa\u011fl\u0131k \u00e7al\u0131\u015fan\u0131na bildirmekten sorumludur.<\/li>\n<li>Hastalar\u0131m\u0131z sa\u011fl\u0131k bak\u0131m ve taburculuk sonras\u0131 bak\u0131m plan\u0131n\u0131 beklendi\u011fi gibi do\u011fru anlay\u0131p anlamad\u0131\u011f\u0131n\u0131 belirtmekten sorumludur.<\/li>\n<\/ul>\n<p style=\"text-align: justify;\">Hastalar\u0131m\u0131z uygulanacak tedaviyi reddetmesi veya \u00f6nerilere uymamas\u0131ndan dolay\u0131 do\u011facak sonu\u00e7lardan sorumludur.<\/p>\t\t\t\t\t\t\t\t<\/div>\n\t\t\t\t\t<\/div>\n\t\t\t\t<\/div>\n\t\t\t\t<\/div>\n\t\t","protected":false},"excerpt":{"rendered":"<p>HASTA HAKLARI VE SORUMLULUKLARI Sa\u011fl\u0131k hizmetleri, ya\u015famsal \u00f6nemi nedeniyle, ki\u015filerin hak ve sorumluluklar\u0131ndan \u00f6d\u00fcn verilemez niteliktedir. Hastanelerimize ba\u015fvuran t\u00fcm hastalar\u0131m\u0131z ve yak\u0131nlar\u0131n\u0131n hastanelerimizden hizmet ald\u0131klar\u0131 s\u00fcre i\u00e7inde sahip olduklar\u0131 t\u00fcm haklar\u0131na sayg\u0131 duyuyoruz. T.C. Sa\u011fl\u0131k Bakanl\u0131\u011f\u0131 Hasta Haklar\u0131 Y\u00f6netmeli\u011fi\u2019nden yararlanarak haz\u0131rlad\u0131\u011f\u0131m\u0131z bu kaynak; hastalar\u0131m\u0131z\u0131 sahip olduklar\u0131 haklar ve hizmet al\u0131m\u0131 s\u0131ras\u0131nda yerine getirmeleri gereken sorumluluklar\u0131 [&hellip;]<\/p>\n","protected":false},"author":1,"featured_media":0,"parent":0,"menu_order":0,"comment_status":"closed","ping_status":"closed","template":"","meta":{"footnotes":""},"class_list":["post-6554","page","type-page","status-publish","hentry"],"_links":{"self":[{"href":"https:\/\/www.gozdelazer.com\/goz\/wp-json\/wp\/v2\/pages\/6554","targetHints":{"allow":["GET"]}}],"collection":[{"href":"https:\/\/www.gozdelazer.com\/goz\/wp-json\/wp\/v2\/pages"}],"about":[{"href":"https:\/\/www.gozdelazer.com\/goz\/wp-json\/wp\/v2\/types\/page"}],"author":[{"embeddable":true,"href":"https:\/\/www.gozdelazer.com\/goz\/wp-json\/wp\/v2\/users\/1"}],"replies":[{"embeddable":true,"href":"https:\/\/www.gozdelazer.com\/goz\/wp-json\/wp\/v2\/comments?post=6554"}],"version-history":[{"count":16,"href":"https:\/\/www.gozdelazer.com\/goz\/wp-json\/wp\/v2\/pages\/6554\/revisions"}],"predecessor-version":[{"id":7112,"href":"https:\/\/www.gozdelazer.com\/goz\/wp-json\/wp\/v2\/pages\/6554\/revisions\/7112"}],"wp:attachment":[{"href":"https:\/\/www.gozdelazer.com\/goz\/wp-json\/wp\/v2\/media?parent=6554"}],"curies":[{"name":"wp","href":"https:\/\/api.w.org\/{rel}","templated":true}]}}