{"id":6544,"date":"2025-04-29T11:22:35","date_gmt":"2025-04-29T08:22:35","guid":{"rendered":"https:\/\/www.gozdelazer.com\/goz\/?page_id=6544"},"modified":"2025-06-11T14:32:51","modified_gmt":"2025-06-11T11:32:51","slug":"kalite-yonetim-organizasyon-semasi","status":"publish","type":"page","link":"https:\/\/www.gozdelazer.com\/goz\/kalite-yonetim-organizasyon-semasi\/","title":{"rendered":"Kalite Y\u00f6netim Organizasyon \u015eemas\u0131"},"content":{"rendered":"\t\t<div data-elementor-type=\"wp-page\" data-elementor-id=\"6544\" class=\"elementor elementor-6544\">\n\t\t\t\t<div class=\"elementor-element elementor-element-7b848bff e-flex e-con-boxed e-con e-parent\" data-id=\"7b848bff\" data-element_type=\"container\" data-e-type=\"container\">\n\t\t\t\t\t<div class=\"e-con-inner\">\n\t\t\t\t<div class=\"elementor-element elementor-element-705417a1 elementor-widget elementor-widget-text-editor\" data-id=\"705417a1\" data-element_type=\"widget\" data-e-type=\"widget\" data-widget_type=\"text-editor.default\">\n\t\t\t\t\t\t\t\t\t\n<figure class=\"wp-block-image size-large\"><img fetchpriority=\"high\" decoding=\"async\" width=\"1024\" height=\"595\" class=\"wp-image-7175\" src=\"https:\/\/www.gozdelazer.com\/goz\/wp-content\/uploads\/2025\/06\/organizsyon-1024x595.jpg\" alt=\"\" srcset=\"https:\/\/www.gozdelazer.com\/goz\/wp-content\/uploads\/2025\/06\/organizsyon-1024x595.jpg 1024w, https:\/\/www.gozdelazer.com\/goz\/wp-content\/uploads\/2025\/06\/organizsyon-300x174.jpg 300w, https:\/\/www.gozdelazer.com\/goz\/wp-content\/uploads\/2025\/06\/organizsyon-768x446.jpg 768w, https:\/\/www.gozdelazer.com\/goz\/wp-content\/uploads\/2025\/06\/organizsyon.jpg 1152w\" sizes=\"(max-width: 1024px) 100vw, 1024px\" \/><\/figure>\n\t\t\t\t\t\t\t\t<\/div>\n\t\t\t\t\t<\/div>\n\t\t\t\t<\/div>\n\t\t\t\t<\/div>\n\t\t","protected":false},"excerpt":{"rendered":"","protected":false},"author":1,"featured_media":0,"parent":0,"menu_order":0,"comment_status":"closed","ping_status":"closed","template":"","meta":{"footnotes":""},"class_list":["post-6544","page","type-page","status-publish","hentry"],"_links":{"self":[{"href":"https:\/\/www.gozdelazer.com\/goz\/wp-json\/wp\/v2\/pages\/6544","targetHints":{"allow":["GET"]}}],"collection":[{"href":"https:\/\/www.gozdelazer.com\/goz\/wp-json\/wp\/v2\/pages"}],"about":[{"href":"https:\/\/www.gozdelazer.com\/goz\/wp-json\/wp\/v2\/types\/page"}],"author":[{"embeddable":true,"href":"https:\/\/www.gozdelazer.com\/goz\/wp-json\/wp\/v2\/users\/1"}],"replies":[{"embeddable":true,"href":"https:\/\/www.gozdelazer.com\/goz\/wp-json\/wp\/v2\/comments?post=6544"}],"version-history":[{"count":8,"href":"https:\/\/www.gozdelazer.com\/goz\/wp-json\/wp\/v2\/pages\/6544\/revisions"}],"predecessor-version":[{"id":7182,"href":"https:\/\/www.gozdelazer.com\/goz\/wp-json\/wp\/v2\/pages\/6544\/revisions\/7182"}],"wp:attachment":[{"href":"https:\/\/www.gozdelazer.com\/goz\/wp-json\/wp\/v2\/media?parent=6544"}],"curies":[{"name":"wp","href":"https:\/\/api.w.org\/{rel}","templated":true}]}}