{"id":6542,"date":"2025-04-29T11:21:26","date_gmt":"2025-04-29T08:21:26","guid":{"rendered":"https:\/\/www.gozdelazer.com\/goz\/?page_id=6542"},"modified":"2025-06-11T14:28:36","modified_gmt":"2025-06-11T11:28:36","slug":"kalite-politikasi","status":"publish","type":"page","link":"https:\/\/www.gozdelazer.com\/goz\/kalite-politikasi\/","title":{"rendered":"Kalite Politikas\u0131"},"content":{"rendered":"\n<p>KAL\u0130TE POL\u0130T\u0130KASI M\u0130SYON-V\u0130ZYON <br>TEMEL \u0130LKE VE DE\u011eERLER<\/p>\n\n\n\n<p><\/p>\n\n\n\n<p><\/p>\n\n\n<h2>KAL\u0130TE POL\u0130T\u0130KAMIZ<\/h2>\n<h5 style=\"text-align: justify;\">Do\u011fru Te\u015fhis Ve Tedavi Y\u00f6ntemlerini Kullanarak, \u0130nsan Hak Ve \u00d6zg\u00fcrl\u00fcklerine Sayg\u0131l\u0131;Etik De\u011ferlere Ba\u011fl\u0131, Sa\u011fl\u0131kta Kalite Standartlar\u0131na Uyarak Ve S\u00fcrekli \u0130yile\u015ftirme Faaliyetlerini S\u00fcrd\u00fcrerek Kurumun Ama\u00e7lar\u0131 Ve Hedefleri Do\u011frultusunda\u00a0<a name=\"m_7644714252949176109__GoBack\"><\/a>Modern Ve G\u00fcvenilir Sa\u011fl\u0131k Hizmeti Sunmak Politikam\u0131zd\u0131r.<\/h5>\n<ul>\n<li><strong>Hasta Memnuniyeti:\u00a0<\/strong>Hastalar\u0131m\u0131z\u0131n memnuniyetini \u00f6nemsiyor ve onlar\u0131n beklentisini kar\u015f\u0131layabilmek i\u00e7in, en y\u00fcksek kalitede sa\u011fl\u0131k hizmeti sunuyoruz. Hastalar\u0131m\u0131z\u0131n geri bildirimlerini dikkate al\u0131r\u0131z ve hizmetlerimizi s\u00fcrekli olarak iyile\u015ftiririz.<\/li>\n<li><strong>S\u00fcrekli \u0130yile\u015ftirme:<\/strong>\u00a0S\u00fcrekli geli\u015fme, hizmet kalitemizi art\u0131rmak i\u00e7in kilit bir fakt\u00f6rd\u00fcr. Kurumumuzdaki t\u00fcm s\u00fcre\u00e7leri g\u00f6zden ge\u00e7iriyor ve s\u00fcrekli olarak iyile\u015ftirme \u00e7al\u0131\u015fmalar\u0131 yap\u0131yoruz. T\u00fcm \u00e7al\u0131\u015fanlar\u0131m\u0131z\u0131n kalite bilincini art\u0131rmak i\u00e7in e\u011fitim programlar\u0131 d\u00fczenleriz.<\/li>\n<li><strong>E\u011fitim ve Geli\u015fim:\u00a0<\/strong>Kurumumuzdaki t\u00fcm personel, g\u00f6z sa\u011fl\u0131\u011f\u0131 hizmetlerinde en son teknolojiler ve iyi uygulamalar konusunda e\u011fitimler almaktad\u0131r. Bu sayede, hasta muayene ve tedavi standartlar\u0131m\u0131z\u0131 s\u00fcrekli y\u00fckseltiyoruz.<\/li>\n<li><strong>Teknoloji ve \u0130novasyon:\u00a0<\/strong>Teknolojik geli\u015fmelere a\u00e7\u0131\u011f\u0131z. G\u00f6z hastal\u0131klar\u0131n\u0131n te\u015fhis ve tedavisinde kullan\u0131lan teknolojik geli\u015fmeleri yak\u0131ndan takip ediyor ve bu geli\u015fmeleri hizmet kalitemizi art\u0131rmak i\u00e7in kullan\u0131yoruz. \u0130novasyon ve teknoloji sayesinde, hastalar\u0131m\u0131z\u0131n tedavileri daha h\u0131zl\u0131, daha etkili ve daha g\u00fcvenli hale geliyor.<\/li>\n<li><strong>\u00c7al\u0131\u015fanlar\u0131m\u0131z\u0131n Kat\u0131l\u0131m\u0131:\u00a0<\/strong>\u0130\u015fbirli\u011fi ve ileti\u015fim \u00f6nemlidir. \u00c7al\u0131\u015fanlar\u0131m\u0131z\u0131n kat\u0131l\u0131m\u0131, kurumumuzun ba\u015far\u0131s\u0131 ve \u00e7al\u0131\u015fanlar\u0131m\u0131z\u0131n mutlu \u00e7al\u0131\u015fmas\u0131 i\u00e7in hayati bir rol oynamaktad\u0131r. Bu nedenle, \u00e7al\u0131\u015fanlar\u0131m\u0131z\u0131 s\u00fcrekli olarak bilgilendiriyor ve onlar\u0131n fikirleri ve \u00f6nerilerini dinliyoruz.<\/li>\n<li><strong>Yasal D\u00fczenlemeler:\u00a0<\/strong>Ulusal ve uluslararas\u0131 t\u00fcm yasal d\u00fczenlemelere ve standartlara uyuyoruz. T\u00fcm \u00e7al\u0131\u015fanlar\u0131m\u0131z, kalite y\u00f6netim sistemimizin gerekliliklerini yerine getirir ve s\u00fcrekli olarak iyile\u015ftirir.<\/li>\n<\/ul>\n<p>Bu ama\u00e7lar do\u011frultusunda, kalite politikam\u0131z\u0131 uygulamak i\u00e7in y\u00f6netimimiz, \u00e7al\u0131\u015fanlar\u0131m\u0131z ve t\u00fcm hastalar\u0131m\u0131zla i\u015fbirli\u011fi i\u00e7inde yolumuza devam etmekteyiz.<\/p>\n<h2>M\u0130SYONUMUZ<\/h2>\n<p>\u00d6zel G\u00f6zde Lazer G\u00f6z Hastal\u0131klar\u0131 T\u0131p Merkezi olarak;<br \/>Etik de\u011ferlere ba\u011fl\u0131, hasta haklar\u0131na sayg\u0131l\u0131, din, dil, \u0131rk ve cinsiyet ayr\u0131m\u0131 g\u00f6zetmeksizin nitelikli ve uzman kadromuz ile g\u00f6z hastal\u0131klar\u0131n\u0131n te\u015fhis ve tedavi s\u00fcre\u00e7lerinde kaliteli sa\u011fl\u0131k hizmeti sunmakt\u0131r.<\/p>\n<h2>V\u0130ZYONUMUZ<\/h2>\n<p>\u00d6zel G\u00f6zde Lazer G\u00f6z Hastal\u0131klar\u0131 T\u0131p Merkezi olarak;<br \/>\u00c7a\u011fda\u015f bir y\u00f6netim sistemi ile g\u00f6z hastal\u0131klar\u0131n\u0131n te\u015fhis ve tedavi s\u00fcre\u00e7lerinde, t\u0131bbi uygulamalar ve teknolojisi ile \u00f6rnek g\u00f6sterilen, toplumumuzun ve genel olarak b\u00f6lgemizde \u00f6ncelikle tercih edilen lider bir sa\u011fl\u0131k kurulu\u015fu ve referans\u00a0merkezi olmakt\u0131r.<\/p>\n<h2>TEMEL \u0130LKE VE DE\u011eERLER\u0130M\u0130Z<\/h2>\n<p>\uf0d8 Etkililik,<br \/>\uf0d8 Etkinlik,<br \/>\uf0d8 Verimlilik,<br \/>\uf0d8 Sa\u011fl\u0131kl\u0131 \u00c7al\u0131\u015fma Ya\u015fam\u0131,<br \/>\uf0d8 Hasta G\u00fcvenli\u011fi,<br \/>\uf0d8 Hakkaniyet,<br \/>\uf0d8 Hasta Odakl\u0131l\u0131k, Uygunluk,<br \/>\uf0d8 Zamanl\u0131l\u0131k,<br \/>\uf0d8 S\u00fcreklilik,<br \/>\uf0d8 \u0130nsana Sayg\u0131,<\/p>\n\n\n<p><\/p>\n","protected":false},"excerpt":{"rendered":"<p>KAL\u0130TE POL\u0130T\u0130KASI M\u0130SYON-V\u0130ZYON TEMEL \u0130LKE VE DE\u011eERLER KAL\u0130TE POL\u0130T\u0130KAMIZ Do\u011fru Te\u015fhis Ve Tedavi Y\u00f6ntemlerini Kullanarak, \u0130nsan Hak Ve \u00d6zg\u00fcrl\u00fcklerine Sayg\u0131l\u0131;Etik De\u011ferlere Ba\u011fl\u0131, Sa\u011fl\u0131kta Kalite Standartlar\u0131na Uyarak Ve S\u00fcrekli \u0130yile\u015ftirme Faaliyetlerini S\u00fcrd\u00fcrerek Kurumun Ama\u00e7lar\u0131 Ve Hedefleri Do\u011frultusunda\u00a0Modern Ve G\u00fcvenilir Sa\u011fl\u0131k Hizmeti Sunmak Politikam\u0131zd\u0131r. Hasta Memnuniyeti:\u00a0Hastalar\u0131m\u0131z\u0131n memnuniyetini \u00f6nemsiyor ve onlar\u0131n beklentisini kar\u015f\u0131layabilmek i\u00e7in, en y\u00fcksek kalitede sa\u011fl\u0131k [&hellip;]<\/p>\n","protected":false},"author":1,"featured_media":0,"parent":0,"menu_order":0,"comment_status":"closed","ping_status":"closed","template":"","meta":{"footnotes":""},"class_list":["post-6542","page","type-page","status-publish","hentry"],"_links":{"self":[{"href":"https:\/\/www.gozdelazer.com\/goz\/wp-json\/wp\/v2\/pages\/6542","targetHints":{"allow":["GET"]}}],"collection":[{"href":"https:\/\/www.gozdelazer.com\/goz\/wp-json\/wp\/v2\/pages"}],"about":[{"href":"https:\/\/www.gozdelazer.com\/goz\/wp-json\/wp\/v2\/types\/page"}],"author":[{"embeddable":true,"href":"https:\/\/www.gozdelazer.com\/goz\/wp-json\/wp\/v2\/users\/1"}],"replies":[{"embeddable":true,"href":"https:\/\/www.gozdelazer.com\/goz\/wp-json\/wp\/v2\/comments?post=6542"}],"version-history":[{"count":9,"href":"https:\/\/www.gozdelazer.com\/goz\/wp-json\/wp\/v2\/pages\/6542\/revisions"}],"predecessor-version":[{"id":7173,"href":"https:\/\/www.gozdelazer.com\/goz\/wp-json\/wp\/v2\/pages\/6542\/revisions\/7173"}],"wp:attachment":[{"href":"https:\/\/www.gozdelazer.com\/goz\/wp-json\/wp\/v2\/media?parent=6542"}],"curies":[{"name":"wp","href":"https:\/\/api.w.org\/{rel}","templated":true}]}}