{"id":2308,"date":"2019-09-13T10:08:36","date_gmt":"2019-09-13T10:08:36","guid":{"rendered":"http:\/\/localhost\/?page_id=2308"},"modified":"2025-05-04T21:22:00","modified_gmt":"2025-05-04T18:22:00","slug":"birimlerimiz","status":"publish","type":"page","link":"https:\/\/www.gozdelazer.com\/goz\/birimlerimiz\/","title":{"rendered":"Birimlerimiz"},"content":{"rendered":"\t\t<div data-elementor-type=\"wp-page\" data-elementor-id=\"2308\" class=\"elementor elementor-2308\">\n\t\t\t\t\t\t<section class=\"elementor-section elementor-top-section elementor-element elementor-element-fee0a0c elementor-section-boxed elementor-section-height-default elementor-section-height-default\" data-id=\"fee0a0c\" data-element_type=\"section\" data-e-type=\"section\">\n\t\t\t\t\t\t<div class=\"elementor-container elementor-column-gap-no\">\n\t\t\t\t\t<div class=\"elementor-column elementor-col-100 elementor-top-column elementor-element elementor-element-98c5db5\" data-id=\"98c5db5\" data-element_type=\"column\" data-e-type=\"column\">\n\t\t\t<div class=\"elementor-widget-wrap elementor-element-populated\">\n\t\t\t\t\t\t<section class=\"elementor-section elementor-inner-section elementor-element elementor-element-0b1f22d elementor-section-boxed elementor-section-height-default elementor-section-height-default\" data-id=\"0b1f22d\" data-element_type=\"section\" data-e-type=\"section\">\n\t\t\t\t\t\t<div class=\"elementor-container elementor-column-gap-default\">\n\t\t\t\t\t<div class=\"elementor-column elementor-col-33 elementor-inner-column elementor-element elementor-element-484d6b7\" data-id=\"484d6b7\" data-element_type=\"column\" data-e-type=\"column\">\n\t\t\t<div class=\"elementor-widget-wrap elementor-element-populated\">\n\t\t\t\t\t\t<div class=\"elementor-element elementor-element-23559f9 medizco_service_box_3 ekit-equal-height-enable elementor-widget elementor-widget-elementskit-image-box\" data-id=\"23559f9\" data-element_type=\"widget\" data-e-type=\"widget\" data-widget_type=\"elementskit-image-box.default\">\n\t\t\t\t\t<div class=\"ekit-wid-con\" >\n            <div class=\"elementskit-info-image-box ekit-image-box text-center simple-card\" >\n\n                \n                <div class=\"elementskit-box-header image-box-img-center\">\n\n                    <img fetchpriority=\"high\" decoding=\"async\" width=\"768\" height=\"512\" src=\"https:\/\/www.gozdelazer.com\/goz\/wp-content\/uploads\/2023\/06\/about-company.jpg\" class=\"attachment-medium_large size-medium_large wp-image-5988\" alt=\"\" \/>\n                <\/div>\n                \n                <div class=\"elementskit-box-body ekit-image-box-body\">\n                    <div class=\"elementskit-box-content ekit-image-box-body-inner\">\n                                                <h3 class=\"elementskit-info-box-title\">\n\n                        Genel G\u00f6z Muayenesi\n                        \n                    <\/h3>\n                                                            <div class=\"elementskit-box-style-content\">\n                        Genel g\u00f6z muayenesini herhangi bir g\u00f6rme problemine sahip olmayan ki\u015filer i\u00e7in her y\u0131l d\u00fczenli olarak yap\u0131lmal\u0131d\u0131r.                     <\/div>\n                                    <\/div>\n\n                                <div class=\"elementskit-box-footer\">\n                    <div class=\"box-footer\">\n                        <div class=\"btn-wraper\">\n                                                            <a href=\"https:\/\/www.gozdelazer.com\/goz\/service\/genel-goz-muayenesi\/\" class=\"elementskit-btn whitespace--normal\">\n                                    \n                                    \n                                                                     <\/a>\n                                                        <\/div>\n                    <\/div>\n                <\/div>\n                            <\/div>\n            <\/div>\n    <\/div>\t\t\t\t<\/div>\n\t\t\t\t\t<\/div>\n\t\t<\/div>\n\t\t\t\t<div class=\"elementor-column elementor-col-33 elementor-inner-column elementor-element elementor-element-db8177a\" data-id=\"db8177a\" data-element_type=\"column\" data-e-type=\"column\">\n\t\t\t<div class=\"elementor-widget-wrap elementor-element-populated\">\n\t\t\t\t\t\t<div class=\"elementor-element elementor-element-05d7853 medizco_service_box_3 ekit-equal-height-enable elementor-widget elementor-widget-elementskit-image-box\" data-id=\"05d7853\" data-element_type=\"widget\" data-e-type=\"widget\" data-widget_type=\"elementskit-image-box.default\">\n\t\t\t\t\t<div class=\"ekit-wid-con\" >\n            <div class=\"elementskit-info-image-box ekit-image-box text-center simple-card\" >\n\n                \n                <div class=\"elementskit-box-header image-box-img-center\">\n\n                    <img decoding=\"async\" width=\"320\" height=\"230\" src=\"https:\/\/www.gozdelazer.com\/goz\/wp-content\/uploads\/2019\/09\/service-1.jpg\" class=\"attachment-medium_large size-medium_large wp-image-2343\" alt=\"\" \/>\n                <\/div>\n                \n                <div class=\"elementskit-box-body ekit-image-box-body\">\n                    <div class=\"elementskit-box-content ekit-image-box-body-inner\">\n                                                <h3 class=\"elementskit-info-box-title\">\n\n                        Refraktif Cerrahi\n                        \n                    <\/h3>\n                                                            <div class=\"elementskit-box-style-content\">\n                        Refraktif cerrahi, g\u00f6zde bulunan k\u0131rma kusurlar\u0131n\u0131 iyile\u015ftirmek ve g\u00f6zl\u00fck ya da kontakt lens kullan\u0131m\u0131n\u0131 azaltmak                    <\/div>\n                                    <\/div>\n\n                                <div class=\"elementskit-box-footer\">\n                    <div class=\"box-footer\">\n                        <div class=\"btn-wraper\">\n                                                            <a href=\"https:\/\/www.gozdelazer.com\/goz\/service\/cocuk-goz-sagligi\" class=\"elementskit-btn whitespace--normal\">\n                                    \n                                    \n                                                                     <\/a>\n                                                        <\/div>\n                    <\/div>\n                <\/div>\n                            <\/div>\n            <\/div>\n    <\/div>\t\t\t\t<\/div>\n\t\t\t\t\t<\/div>\n\t\t<\/div>\n\t\t\t\t<div class=\"elementor-column elementor-col-33 elementor-inner-column elementor-element elementor-element-4475fa0\" data-id=\"4475fa0\" data-element_type=\"column\" data-e-type=\"column\">\n\t\t\t<div class=\"elementor-widget-wrap elementor-element-populated\">\n\t\t\t\t\t\t<div class=\"elementor-element elementor-element-7a62bda medizco_service_box_3 ekit-equal-height-enable elementor-widget elementor-widget-elementskit-image-box\" data-id=\"7a62bda\" data-element_type=\"widget\" data-e-type=\"widget\" data-widget_type=\"elementskit-image-box.default\">\n\t\t\t\t\t<div class=\"ekit-wid-con\" >\n            <div class=\"elementskit-info-image-box ekit-image-box text-center simple-card\" >\n\n                \n                <div class=\"elementskit-box-header image-box-img-center\">\n\n                    <img decoding=\"async\" width=\"370\" height=\"290\" src=\"https:\/\/www.gozdelazer.com\/goz\/wp-content\/uploads\/2023\/06\/blog-v1-3.jpg\" class=\"attachment-medium_large size-medium_large wp-image-5681\" alt=\"\" \/>\n                <\/div>\n                \n                <div class=\"elementskit-box-body ekit-image-box-body\">\n                    <div class=\"elementskit-box-content ekit-image-box-body-inner\">\n                                                <h3 class=\"elementskit-info-box-title\">\n\n                        \u00c7ocuk G\u00f6z Sa\u011fl\u0131\u011f\u0131\n                        \n                    <\/h3>\n                                                            <div class=\"elementskit-box-style-content\">\n                         Pek \u00e7ok \u00f6nemli g\u00f6z hastal\u0131\u011f\u0131 k\u00fc\u00e7\u00fck ya\u015flarda ortaya \u00e7\u0131kar. Ancak erken te\u015fhis ve do\u011fru tedavi ile ba\u015far\u0131l\u0131 sonu\u00e7lar elde edilebilir.                     <\/div>\n                                    <\/div>\n\n                                <div class=\"elementskit-box-footer\">\n                    <div class=\"box-footer\">\n                        <div class=\"btn-wraper\">\n                                                            <a href=\"https:\/\/www.gozdelazer.com\/goz\/service\/cocuk-goz-sagligi\/\" class=\"elementskit-btn whitespace--normal\">\n                                    \n                                    \n                                                                     <\/a>\n                                                        <\/div>\n                    <\/div>\n                <\/div>\n                            <\/div>\n            <\/div>\n    <\/div>\t\t\t\t<\/div>\n\t\t\t\t\t<\/div>\n\t\t<\/div>\n\t\t\t\t\t<\/div>\n\t\t<\/section>\n\t\t\t\t<section class=\"elementor-section elementor-inner-section elementor-element elementor-element-ee990a8 elementor-section-boxed elementor-section-height-default elementor-section-height-default\" data-id=\"ee990a8\" data-element_type=\"section\" data-e-type=\"section\">\n\t\t\t\t\t\t<div class=\"elementor-container elementor-column-gap-default\">\n\t\t\t\t\t<div class=\"elementor-column elementor-col-33 elementor-inner-column elementor-element elementor-element-6d29253\" data-id=\"6d29253\" data-element_type=\"column\" data-e-type=\"column\">\n\t\t\t<div class=\"elementor-widget-wrap elementor-element-populated\">\n\t\t\t\t\t\t<div class=\"elementor-element elementor-element-aea25e5 medizco_service_box_3 ekit-equal-height-enable elementor-widget elementor-widget-elementskit-image-box\" data-id=\"aea25e5\" data-element_type=\"widget\" data-e-type=\"widget\" data-widget_type=\"elementskit-image-box.default\">\n\t\t\t\t\t<div class=\"ekit-wid-con\" >\n            <div class=\"elementskit-info-image-box ekit-image-box text-center simple-card\" >\n\n                \n                <div class=\"elementskit-box-header image-box-img-center\">\n\n                    <img loading=\"lazy\" decoding=\"async\" width=\"768\" height=\"504\" src=\"https:\/\/www.gozdelazer.com\/goz\/wp-content\/uploads\/2023\/06\/before-and-after-cataracts.jpg\" class=\"attachment-medium_large size-medium_large wp-image-6017\" alt=\"\" \/>\n                <\/div>\n                \n                <div class=\"elementskit-box-body ekit-image-box-body\">\n                    <div class=\"elementskit-box-content ekit-image-box-body-inner\">\n                                                <h3 class=\"elementskit-info-box-title\">\n\n                        Katarakt\n                        \n                    <\/h3>\n                                                            <div class=\"elementskit-box-style-content\">\n                        G\u00f6z bebe\u011finin arkas\u0131nda bulunan g\u00f6z merce\u011finin zamanla \u015feffafl\u0131\u011f\u0131n\u0131 yitirerek g\u00f6z\u00fcn bulan\u0131k g\u00f6rmesine sebep olan, s\u0131kl\u0131kla orta ya\u015f ve \u00fczerinde g\u00f6r\u00fclen bir g\u00f6z hastal\u0131\u011f\u0131d\u0131r.                    <\/div>\n                                    <\/div>\n\n                                <div class=\"elementskit-box-footer\">\n                    <div class=\"box-footer\">\n                        <div class=\"btn-wraper\">\n                                                            <a href=\"https:\/\/www.gozdelazer.com\/goz\/service\/katarakt\/\" class=\"elementskit-btn whitespace--normal\">\n                                    \n                                    \n                                                                     <\/a>\n                                                        <\/div>\n                    <\/div>\n                <\/div>\n                            <\/div>\n            <\/div>\n    <\/div>\t\t\t\t<\/div>\n\t\t\t\t\t<\/div>\n\t\t<\/div>\n\t\t\t\t<div class=\"elementor-column elementor-col-33 elementor-inner-column elementor-element elementor-element-00436f8\" data-id=\"00436f8\" data-element_type=\"column\" data-e-type=\"column\">\n\t\t\t<div class=\"elementor-widget-wrap elementor-element-populated\">\n\t\t\t\t\t\t<div class=\"elementor-element elementor-element-3384653 medizco_service_box_3 ekit-equal-height-enable elementor-widget elementor-widget-elementskit-image-box\" data-id=\"3384653\" data-element_type=\"widget\" data-e-type=\"widget\" data-widget_type=\"elementskit-image-box.default\">\n\t\t\t\t\t<div class=\"ekit-wid-con\" >\n            <div class=\"elementskit-info-image-box ekit-image-box text-center simple-card\" >\n\n                \n                <div class=\"elementskit-box-header image-box-img-center\">\n\n                    <img loading=\"lazy\" decoding=\"async\" width=\"768\" height=\"511\" src=\"https:\/\/www.gozdelazer.com\/goz\/wp-content\/uploads\/2023\/06\/glokom.jpg\" class=\"attachment-medium_large size-medium_large wp-image-6019\" alt=\"\" \/>\n                <\/div>\n                \n                <div class=\"elementskit-box-body ekit-image-box-body\">\n                    <div class=\"elementskit-box-content ekit-image-box-body-inner\">\n                                                <h3 class=\"elementskit-info-box-title\">\n\n                        Glokom \n                        \n                    <\/h3>\n                                                            <div class=\"elementskit-box-style-content\">\n                        Glokom, g\u00f6z i\u00e7i bas\u0131nc\u0131n\u0131n s\u0131kl\u0131kla y\u00fckselmesi nedeniyle g\u00f6rme sinirinin zarar g\u00f6rmesidir. Buna ba\u011fl\u0131 olarak ki\u015finin g\u00f6rme alan\u0131nda yava\u015f yava\u015f daralmalar meydana gelir.                     <\/div>\n                                    <\/div>\n\n                                <div class=\"elementskit-box-footer\">\n                    <div class=\"box-footer\">\n                        <div class=\"btn-wraper\">\n                                                            <a href=\"https:\/\/www.gozdelazer.com\/goz\/service\/glokom\/\" class=\"elementskit-btn whitespace--normal\">\n                                    \n                                    \n                                                                     <\/a>\n                                                        <\/div>\n                    <\/div>\n                <\/div>\n                            <\/div>\n            <\/div>\n    <\/div>\t\t\t\t<\/div>\n\t\t\t\t\t<\/div>\n\t\t<\/div>\n\t\t\t\t<div class=\"elementor-column elementor-col-33 elementor-inner-column elementor-element elementor-element-c1223de\" data-id=\"c1223de\" data-element_type=\"column\" data-e-type=\"column\">\n\t\t\t<div class=\"elementor-widget-wrap elementor-element-populated\">\n\t\t\t\t\t\t<div class=\"elementor-element elementor-element-e9c5643 medizco_service_box_3 ekit-equal-height-disable elementor-widget elementor-widget-elementskit-image-box\" data-id=\"e9c5643\" data-element_type=\"widget\" data-e-type=\"widget\" data-widget_type=\"elementskit-image-box.default\">\n\t\t\t\t\t<div class=\"ekit-wid-con\" >\n            <div class=\"elementskit-info-image-box ekit-image-box text-center simple-card\" >\n\n                \n                <div class=\"elementskit-box-header image-box-img-center\">\n\n                    <img loading=\"lazy\" decoding=\"async\" width=\"678\" height=\"446\" src=\"https:\/\/www.gozdelazer.com\/goz\/wp-content\/uploads\/2023\/06\/Hero_Article_LASIK-for-Presbyopia-compressor.jpg\" class=\"attachment-medium_large size-medium_large wp-image-6020\" alt=\"\" \/>\n                <\/div>\n                \n                <div class=\"elementskit-box-body ekit-image-box-body\">\n                    <div class=\"elementskit-box-content ekit-image-box-body-inner\">\n                                                <h3 class=\"elementskit-info-box-title\">\n\n                        Presbiyopi\n                        \n                    <\/h3>\n                                                            <div class=\"elementskit-box-style-content\">\n                        G\u00f6zlerin yak\u0131ndaki cisimleri net bir \u015fekilde g\u00f6rme yetene\u011fini zaman i\u00e7erisinde kaybetmesi durumuna Presbiyopi denir.  Halk diliyle Presbiyopi yak\u0131n g\u00f6rme sorunudur.                    <\/div>\n                                    <\/div>\n\n                                <div class=\"elementskit-box-footer\">\n                    <div class=\"box-footer\">\n                        <div class=\"btn-wraper\">\n                                                            <a href=\"https:\/\/www.gozdelazer.com\/goz\/service\/prespiyopi\/\" class=\"elementskit-btn whitespace--normal\">\n                                    \n                                    \n                                                                     <\/a>\n                                                        <\/div>\n                    <\/div>\n                <\/div>\n                            <\/div>\n            <\/div>\n    <\/div>\t\t\t\t<\/div>\n\t\t\t\t\t<\/div>\n\t\t<\/div>\n\t\t\t\t\t<\/div>\n\t\t<\/section>\n\t\t\t\t\t<\/div>\n\t\t<\/div>\n\t\t\t\t\t<\/div>\n\t\t<\/section>\n\t\t\t\t<section class=\"elementor-section elementor-top-section elementor-element elementor-element-744a90b elementor-section-height-min-height elementor-section-boxed elementor-section-height-default elementor-section-items-middle\" data-id=\"744a90b\" data-element_type=\"section\" data-e-type=\"section\" data-settings=\"{&quot;background_background&quot;:&quot;classic&quot;,&quot;ekit_section_parallax_bg&quot;:&quot;yes&quot;,&quot;ekit_section_parallax_bg_speed&quot;:0.59999999999999997779553950749686919152736663818359375}\">\n\t\t\t\t\t\t\t<div class=\"elementor-background-overlay\"><\/div>\n\t\t\t\t\t\t\t<div class=\"elementor-container elementor-column-gap-default\">\n\t\t\t\t\t<div class=\"elementor-column elementor-col-100 elementor-top-column elementor-element elementor-element-9f7f2c0\" data-id=\"9f7f2c0\" data-element_type=\"column\" data-e-type=\"column\">\n\t\t\t<div class=\"elementor-widget-wrap elementor-element-populated\">\n\t\t\t\t\t\t<div class=\"elementor-element elementor-element-bfe1c2a mx-auto mw-100 elementor-widget__width-initial elementor-invisible elementor-widget elementor-widget-heading\" data-id=\"bfe1c2a\" data-element_type=\"widget\" data-e-type=\"widget\" data-settings=\"{&quot;_animation&quot;:&quot;fadeInUp&quot;,&quot;_animation_delay&quot;:0}\" data-widget_type=\"heading.default\">\n\t\t\t\t\t<h2 class=\"elementor-heading-title elementor-size-default\">Size sa\u011fl\u0131kl\u0131 ya\u015fama \u015fans\u0131 sunmaktan mutluluk duyuyoruz.<\/h2>\t\t\t\t<\/div>\n\t\t\t\t\t<\/div>\n\t\t<\/div>\n\t\t\t\t\t<\/div>\n\t\t<\/section>\n\t\t\t\t<\/div>\n\t\t","protected":false},"excerpt":{"rendered":"<p>Genel G\u00f6z Muayenesi Genel g\u00f6z muayenesini herhangi bir g\u00f6rme problemine sahip olmayan ki\u015filer i\u00e7in her y\u0131l d\u00fczenli olarak yap\u0131lmal\u0131d\u0131r. Refraktif Cerrahi Refraktif cerrahi, g\u00f6zde bulunan k\u0131rma kusurlar\u0131n\u0131 iyile\u015ftirmek ve g\u00f6zl\u00fck ya da kontakt lens kullan\u0131m\u0131n\u0131 azaltmak \u00c7ocuk G\u00f6z Sa\u011fl\u0131\u011f\u0131 Pek \u00e7ok \u00f6nemli g\u00f6z hastal\u0131\u011f\u0131 k\u00fc\u00e7\u00fck ya\u015flarda ortaya \u00e7\u0131kar. Ancak erken te\u015fhis ve do\u011fru tedavi ile [&hellip;]<\/p>\n","protected":false},"author":1,"featured_media":0,"parent":0,"menu_order":0,"comment_status":"closed","ping_status":"closed","template":"template\/template-page.php","meta":{"footnotes":""},"class_list":["post-2308","page","type-page","status-publish","hentry"],"_links":{"self":[{"href":"https:\/\/www.gozdelazer.com\/goz\/wp-json\/wp\/v2\/pages\/2308","targetHints":{"allow":["GET"]}}],"collection":[{"href":"https:\/\/www.gozdelazer.com\/goz\/wp-json\/wp\/v2\/pages"}],"about":[{"href":"https:\/\/www.gozdelazer.com\/goz\/wp-json\/wp\/v2\/types\/page"}],"author":[{"embeddable":true,"href":"https:\/\/www.gozdelazer.com\/goz\/wp-json\/wp\/v2\/users\/1"}],"replies":[{"embeddable":true,"href":"https:\/\/www.gozdelazer.com\/goz\/wp-json\/wp\/v2\/comments?post=2308"}],"version-history":[{"count":6,"href":"https:\/\/www.gozdelazer.com\/goz\/wp-json\/wp\/v2\/pages\/2308\/revisions"}],"predecessor-version":[{"id":7109,"href":"https:\/\/www.gozdelazer.com\/goz\/wp-json\/wp\/v2\/pages\/2308\/revisions\/7109"}],"wp:attachment":[{"href":"https:\/\/www.gozdelazer.com\/goz\/wp-json\/wp\/v2\/media?parent=2308"}],"curies":[{"name":"wp","href":"https:\/\/api.w.org\/{rel}","templated":true}]}}