{"id":2306,"date":"2019-09-13T10:08:26","date_gmt":"2019-09-13T07:08:26","guid":{"rendered":"http:\/\/localhost\/?page_id=2306"},"modified":"2025-04-29T10:57:46","modified_gmt":"2025-04-29T07:57:46","slug":"doktor","status":"publish","type":"page","link":"https:\/\/www.gozdelazer.com\/goz\/doktor\/","title":{"rendered":"Doktor"},"content":{"rendered":"\t\t<div data-elementor-type=\"wp-page\" data-elementor-id=\"2306\" class=\"elementor elementor-2306\">\n\t\t\t\t\t\t<section class=\"elementor-section elementor-top-section elementor-element elementor-element-4663594 elementor-section-boxed elementor-section-height-default elementor-section-height-default\" data-id=\"4663594\" data-element_type=\"section\" data-e-type=\"section\">\n\t\t\t\t\t\t<div class=\"elementor-container elementor-column-gap-default\">\n\t\t\t\t\t<div class=\"elementor-column elementor-col-100 elementor-top-column elementor-element elementor-element-f7964ac\" data-id=\"f7964ac\" data-element_type=\"column\" data-e-type=\"column\">\n\t\t\t<div class=\"elementor-widget-wrap elementor-element-populated\">\n\t\t\t\t\t\t<div class=\"elementor-element elementor-element-64a510a elementor-widget elementor-widget-medizco-doctors\" data-id=\"64a510a\" data-element_type=\"widget\" data-e-type=\"widget\" data-widget_type=\"medizco-doctors.default\">\n\t\t\t\t<div class=\"elementor-widget-container\">\n\t\t\t\t\t\n        <div class=\"medizco_doctors medizco_doctors_filter\" data-rtl=\"\">\n                <ul class=\"filter_nav d-flex flex-wrap justify-content-center\">\n                    <li class=\"filter active\" data-filter=\".goz\">G\u00f6z<\/li>\n                        <li class=\"filter \" data-filter=\".tum-departmanlar\">T\u00fcm Departmanlar<\/li>\n                <\/ul>\n<div class=\"filter_items row\"><div class=\"filter_item mix col-lg-3 col-md-6 col-sm-12 goz\">\n<div class=\"doctor_box\">\n    <div class=\"doctor_box_img\">\n        <img fetchpriority=\"high\" decoding=\"async\" width=\"557\" height=\"639\" src=\"https:\/\/www.gozdelazer.com\/goz\/wp-content\/uploads\/2025\/04\/deryaweb.png\" class=\"attachment-medium_large size-medium_large wp-post-image\" alt=\"\" srcset=\"https:\/\/www.gozdelazer.com\/goz\/wp-content\/uploads\/2025\/04\/deryaweb.png 557w, https:\/\/www.gozdelazer.com\/goz\/wp-content\/uploads\/2025\/04\/deryaweb-262x300.png 262w\" sizes=\"(max-width: 557px) 100vw, 557px\" \/>            <\/div>\n\n    <!--     <div class=\"doctor_box_icon\">\n        <i class=\"fa fa-eye-slash doctor_box_icon_item\"><\/i>\n    <\/div>\n        array(5) {\n  [\"type\"]=>\n  string(9) \"icon-font\"\n  [\"icon-class\"]=>\n  string(15) \"fa fa-eye-slash\"\n  [\"icon-class-without-root\"]=>\n  string(12) \"fa-eye-slash\"\n  [\"pack-name\"]=>\n  string(12) \"font-awesome\"\n  [\"pack-css-uri\"]=>\n  string(116) \"https:\/\/www.gozdelazer.com\/goz\/wp-content\/plugins\/unyson\/framework\/static\/libs\/font-awesome\/css\/font-awesome.min.css\"\n}\n     -->\n\n        <div class=\"doctor_box_icon\">\n        <i class=\"fa fa-eye-slash doctor_box_icon_item\"><\/i>\n\n    <\/div>\n        \n\n    <div class=\"doctor_box_content\">\n        <h3 class=\"doctor_box_title\">Opr. Dr. Derya Ta\u015f<\/h3>\n\n                <p class=\"doctor_box_role\">G\u00f6z<\/p>\n            <\/div>\n\n    <a href=\"https:\/\/www.gozdelazer.com\/goz\/doctor\/derya-tas\/\" class=\"doctor_box_link\"><\/a>\n<\/div>\n<\/div><div class=\"filter_item mix col-lg-3 col-md-6 col-sm-12 goz tum-departmanlar\">\n<div class=\"doctor_box\">\n    <div class=\"doctor_box_img\">\n        <img decoding=\"async\" width=\"557\" height=\"639\" src=\"https:\/\/www.gozdelazer.com\/goz\/wp-content\/uploads\/2025\/04\/ismailweb.png\" class=\"attachment-medium_large size-medium_large wp-post-image\" alt=\"\" srcset=\"https:\/\/www.gozdelazer.com\/goz\/wp-content\/uploads\/2025\/04\/ismailweb.png 557w, https:\/\/www.gozdelazer.com\/goz\/wp-content\/uploads\/2025\/04\/ismailweb-262x300.png 262w\" sizes=\"(max-width: 557px) 100vw, 557px\" \/>            <\/div>\n\n    <!--     <div class=\"doctor_box_icon\">\n        <i class=\"fa fa-eye-slash doctor_box_icon_item\"><\/i>\n    <\/div>\n        array(5) {\n  [\"type\"]=>\n  string(9) \"icon-font\"\n  [\"icon-class\"]=>\n  string(15) \"fa fa-eye-slash\"\n  [\"icon-class-without-root\"]=>\n  string(12) \"fa-eye-slash\"\n  [\"pack-name\"]=>\n  string(12) \"font-awesome\"\n  [\"pack-css-uri\"]=>\n  string(116) \"https:\/\/www.gozdelazer.com\/goz\/wp-content\/plugins\/unyson\/framework\/static\/libs\/font-awesome\/css\/font-awesome.min.css\"\n}\n     -->\n\n        <div class=\"doctor_box_icon\">\n        <i class=\"fa fa-eye-slash doctor_box_icon_item\"><\/i>\n\n    <\/div>\n        \n\n    <div class=\"doctor_box_content\">\n        <h3 class=\"doctor_box_title\">Op. Dr. \u0130smail Kural<\/h3>\n\n                <p class=\"doctor_box_role\">G\u00f6z<\/p>\n            <\/div>\n\n    <a href=\"https:\/\/www.gozdelazer.com\/goz\/doctor\/ismail-kural\/\" class=\"doctor_box_link\"><\/a>\n<\/div>\n<\/div><div class=\"filter_item mix col-lg-3 col-md-6 col-sm-12 goz\">\n<div class=\"doctor_box\">\n    <div class=\"doctor_box_img\">\n        <img decoding=\"async\" width=\"559\" height=\"639\" src=\"https:\/\/www.gozdelazer.com\/goz\/wp-content\/uploads\/2025\/04\/mahmutweb-1.png\" class=\"attachment-medium_large size-medium_large wp-post-image\" alt=\"\" srcset=\"https:\/\/www.gozdelazer.com\/goz\/wp-content\/uploads\/2025\/04\/mahmutweb-1.png 559w, https:\/\/www.gozdelazer.com\/goz\/wp-content\/uploads\/2025\/04\/mahmutweb-1-262x300.png 262w\" sizes=\"(max-width: 559px) 100vw, 559px\" \/>            <\/div>\n\n    <!--     <div class=\"doctor_box_icon\">\n        <i class=\"fa fa-eye-slash doctor_box_icon_item\"><\/i>\n    <\/div>\n        array(5) {\n  [\"type\"]=>\n  string(9) \"icon-font\"\n  [\"icon-class\"]=>\n  string(15) \"fa fa-eye-slash\"\n  [\"icon-class-without-root\"]=>\n  string(12) \"fa-eye-slash\"\n  [\"pack-name\"]=>\n  string(12) \"font-awesome\"\n  [\"pack-css-uri\"]=>\n  string(116) \"https:\/\/www.gozdelazer.com\/goz\/wp-content\/plugins\/unyson\/framework\/static\/libs\/font-awesome\/css\/font-awesome.min.css\"\n}\n     -->\n\n        <div class=\"doctor_box_icon\">\n        <i class=\"fa fa-eye-slash doctor_box_icon_item\"><\/i>\n\n    <\/div>\n        \n\n    <div class=\"doctor_box_content\">\n        <h3 class=\"doctor_box_title\">Opr.Dr. Mahmut Serhatl\u0131<\/h3>\n\n                <p class=\"doctor_box_role\">G\u00f6z<\/p>\n            <\/div>\n\n    <a href=\"https:\/\/www.gozdelazer.com\/goz\/doctor\/mahmut-serhatli\/\" class=\"doctor_box_link\"><\/a>\n<\/div>\n<\/div><div class=\"filter_item mix col-lg-3 col-md-6 col-sm-12 goz tum-departmanlar\">\n<div class=\"doctor_box\">\n    <div class=\"doctor_box_img\">\n        <img loading=\"lazy\" decoding=\"async\" width=\"549\" height=\"639\" src=\"https:\/\/www.gozdelazer.com\/goz\/wp-content\/uploads\/2025\/04\/muratweb-1.png\" class=\"attachment-medium_large size-medium_large wp-post-image\" alt=\"\" srcset=\"https:\/\/www.gozdelazer.com\/goz\/wp-content\/uploads\/2025\/04\/muratweb-1.png 549w, https:\/\/www.gozdelazer.com\/goz\/wp-content\/uploads\/2025\/04\/muratweb-1-258x300.png 258w\" sizes=\"(max-width: 549px) 100vw, 549px\" \/>            <\/div>\n\n    <!--     <div class=\"doctor_box_icon\">\n        <i class=\"fa fa-eye-slash doctor_box_icon_item\"><\/i>\n    <\/div>\n        array(5) {\n  [\"type\"]=>\n  string(9) \"icon-font\"\n  [\"icon-class\"]=>\n  string(15) \"fa fa-eye-slash\"\n  [\"icon-class-without-root\"]=>\n  string(12) \"fa-eye-slash\"\n  [\"pack-name\"]=>\n  string(12) \"font-awesome\"\n  [\"pack-css-uri\"]=>\n  string(116) \"https:\/\/www.gozdelazer.com\/goz\/wp-content\/plugins\/unyson\/framework\/static\/libs\/font-awesome\/css\/font-awesome.min.css\"\n}\n     -->\n\n        <div class=\"doctor_box_icon\">\n        <i class=\"fa fa-eye-slash doctor_box_icon_item\"><\/i>\n\n    <\/div>\n        \n\n    <div class=\"doctor_box_content\">\n        <h3 class=\"doctor_box_title\">Opr.Dr. Murat Sa\u011flam<\/h3>\n\n                <p class=\"doctor_box_role\">G\u00f6z<\/p>\n            <\/div>\n\n    <a href=\"https:\/\/www.gozdelazer.com\/goz\/doctor\/murat-saglam\/\" class=\"doctor_box_link\"><\/a>\n<\/div>\n<\/div><\/div>        <\/div>\n        \t\t\t\t<\/div>\n\t\t\t\t<\/div>\n\t\t\t\t\t<\/div>\n\t\t<\/div>\n\t\t\t\t\t<\/div>\n\t\t<\/section>\n\t\t<div class=\"elementor-element elementor-element-5c9d15a e-flex e-con-boxed e-con e-parent\" data-id=\"5c9d15a\" data-element_type=\"container\" data-e-type=\"container\">\n\t\t\t\t\t<div class=\"e-con-inner\">\n\t\t\t\t<div class=\"elementor-element elementor-element-e71a9f7 elementor-widget elementor-widget-heading\" data-id=\"e71a9f7\" data-element_type=\"widget\" data-e-type=\"widget\" data-widget_type=\"heading.default\">\n\t\t\t\t\t<h2 class=\"elementor-heading-title elementor-size-default\">G\u00f6z Birimi Tan\u0131 Ara\u00e7lar\u0131\n<\/h2>\t\t\t\t<\/div>\n\t\t\t\t\t<\/div>\n\t\t\t\t<\/div>\n\t\t<div class=\"elementor-element elementor-element-e1afd14 e-flex e-con-boxed e-con e-parent\" data-id=\"e1afd14\" data-element_type=\"container\" data-e-type=\"container\">\n\t\t\t\t\t<div class=\"e-con-inner\">\n\t\t<div class=\"elementor-element elementor-element-6c2d07d e-con-full e-flex e-con e-child\" data-id=\"6c2d07d\" data-element_type=\"container\" data-e-type=\"container\">\n\t\t\t\t<div class=\"elementor-element elementor-element-5543a3c elementor-widget elementor-widget-text-editor\" data-id=\"5543a3c\" data-element_type=\"widget\" data-e-type=\"widget\" data-widget_type=\"text-editor.default\">\n\t\t\t\t\t\t\t\t\t<p>\u2022 OCT<\/p><p>\u2022 Muayene \u00dcnitleri<\/p><p>\u2022 Biyomikroskop<\/p><p>\u2022 Optik Biyometri<\/p><p>\u2022 Otorefraktokeratometre<\/p><p>\u2022 Goldman Tonometri<\/p><p>\u00a0<\/p>\t\t\t\t\t\t\t\t<\/div>\n\t\t\t\t<\/div>\n\t\t<div class=\"elementor-element elementor-element-2cda994 e-con-full e-flex e-con e-child\" data-id=\"2cda994\" data-element_type=\"container\" data-e-type=\"container\">\n\t\t\t\t<div class=\"elementor-element elementor-element-63d65dd elementor-widget elementor-widget-text-editor\" data-id=\"63d65dd\" data-element_type=\"widget\" data-e-type=\"widget\" data-widget_type=\"text-editor.default\">\n\t\t\t\t\t\t\t\t\t<p>\u2022 Foropter<\/p><p>\u2022 Digital Lensmetre<\/p><p>\u2022 Chart Projector<\/p><p>\u2022 Keratometre<\/p><p>\u2022 Air-Puff Tonometri<\/p><p>\u2022 G\u00f6z Kurulu\u011fu Testleri<\/p>\t\t\t\t\t\t\t\t<\/div>\n\t\t\t\t<\/div>\n\t\t<div class=\"elementor-element elementor-element-dee1953 e-con-full e-flex e-con e-child\" data-id=\"dee1953\" data-element_type=\"container\" data-e-type=\"container\">\n\t\t\t\t<div class=\"elementor-element elementor-element-cb85a1f elementor-widget elementor-widget-text-editor\" data-id=\"cb85a1f\" data-element_type=\"widget\" data-e-type=\"widget\" data-widget_type=\"text-editor.default\">\n\t\t\t\t\t\t\t\t\t<p>\u2022 Sinir Lifi Analizi<\/p><p>\u2022 Ultrasonografi<\/p><p>\u2022 Ultrasonik biyometri<\/p><p>\u2022 Plusoptix Bebek \u00d6l\u00e7\u00fcm\u00fc<\/p><p>\u2022 FFA\/ Fundus Anjiografi<\/p><p>\u2022 Kornea Topografisi<\/p><p>\u00a0<\/p>\t\t\t\t\t\t\t\t<\/div>\n\t\t\t\t<\/div>\n\t\t<div class=\"elementor-element elementor-element-f121f00 e-con-full e-flex e-con e-child\" data-id=\"f121f00\" data-element_type=\"container\" data-e-type=\"container\">\n\t\t\t\t<div class=\"elementor-element elementor-element-6e11f87 elementor-widget elementor-widget-text-editor\" data-id=\"6e11f87\" data-element_type=\"widget\" data-e-type=\"widget\" data-widget_type=\"text-editor.default\">\n\t\t\t\t\t\t\t\t\t<p>\u2022 Renk G\u00f6rme Testleri<\/p><p>\u2022 Titmus Fly Test<\/p><p>\u2022 \u0130ndirekt Oftalmoskopi<\/p><p>\u2022 Retinoskopi<\/p><p>\u2022 Pakimetri<\/p><p>\u2022 Bilgisayarl\u0131 G\u00f6rme Alan\u0131<\/p>\t\t\t\t\t\t\t\t<\/div>\n\t\t\t\t<\/div>\n\t\t\t\t\t<\/div>\n\t\t\t\t<\/div>\n\t\t\t\t<section class=\"elementor-section elementor-top-section elementor-element elementor-element-a7134eb ov-h elementor-section-boxed elementor-section-height-default elementor-section-height-default\" data-id=\"a7134eb\" data-element_type=\"section\" data-e-type=\"section\" data-settings=\"{&quot;ekit_section_parallax_multi&quot;:&quot;yes&quot;,&quot;ekit_section_parallax_multi_items&quot;:[{&quot;parallax_style&quot;:&quot;onscroll&quot;,&quot;image&quot;:{&quot;url&quot;:&quot;http:\\\/\\\/localhost\\\/wp-content\\\/uploads\\\/2019\\\/09\\\/pattern-21.png&quot;,&quot;id&quot;:2366,&quot;size&quot;:&quot;&quot;},&quot;pos_x&quot;:{&quot;unit&quot;:&quot;%&quot;,&quot;size&quot;:0,&quot;sizes&quot;:[]},&quot;pos_y&quot;:{&quot;unit&quot;:&quot;%&quot;,&quot;size&quot;:20,&quot;sizes&quot;:[]},&quot;animation_iteration_count&quot;:null,&quot;zindex&quot;:0,&quot;_id&quot;:&quot;348c445&quot;,&quot;parallax_blur_effect&quot;:{&quot;unit&quot;:&quot;px&quot;,&quot;size&quot;:0,&quot;sizes&quot;:[]},&quot;parallax_blur_effect_tablet&quot;:{&quot;unit&quot;:&quot;px&quot;,&quot;size&quot;:&quot;&quot;,&quot;sizes&quot;:[]},&quot;parallax_blur_effect_mobile&quot;:{&quot;unit&quot;:&quot;px&quot;,&quot;size&quot;:&quot;&quot;,&quot;sizes&quot;:[]},&quot;shape&quot;:null,&quot;width_type&quot;:&quot;&quot;,&quot;width_type_tablet&quot;:&quot;&quot;,&quot;width_type_mobile&quot;:&quot;&quot;,&quot;animation&quot;:null,&quot;animation_tablet&quot;:null,&quot;animation_mobile&quot;:null,&quot;item_opacity&quot;:&quot;1&quot;,&quot;animation_speed&quot;:null,&quot;parallax_speed&quot;:null,&quot;parallax_transform&quot;:&quot;translateY&quot;,&quot;parallax_transform_value&quot;:&quot;250&quot;,&quot;smoothness&quot;:&quot;700&quot;,&quot;offsettop&quot;:&quot;0&quot;,&quot;offsetbottom&quot;:&quot;0&quot;,&quot;maxtilt&quot;:null,&quot;scale&quot;:null,&quot;disableaxis&quot;:null,&quot;item_source&quot;:&quot;image&quot;,&quot;shape_color&quot;:null,&quot;custom_width&quot;:null,&quot;custom_width_tablet&quot;:null,&quot;custom_width_mobile&quot;:null,&quot;source_rotate&quot;:{&quot;unit&quot;:&quot;deg&quot;,&quot;size&quot;:0,&quot;sizes&quot;:[]},&quot;source_rotate_tablet&quot;:{&quot;unit&quot;:&quot;px&quot;,&quot;size&quot;:&quot;&quot;,&quot;sizes&quot;:[]},&quot;source_rotate_mobile&quot;:{&quot;unit&quot;:&quot;px&quot;,&quot;size&quot;:&quot;&quot;,&quot;sizes&quot;:[]},&quot;pos_x_tablet&quot;:{&quot;unit&quot;:&quot;px&quot;,&quot;size&quot;:&quot;&quot;,&quot;sizes&quot;:[]},&quot;pos_x_mobile&quot;:{&quot;unit&quot;:&quot;px&quot;,&quot;size&quot;:&quot;&quot;,&quot;sizes&quot;:[]},&quot;pos_y_tablet&quot;:{&quot;unit&quot;:&quot;px&quot;,&quot;size&quot;:&quot;&quot;,&quot;sizes&quot;:[]},&quot;pos_y_mobile&quot;:{&quot;unit&quot;:&quot;px&quot;,&quot;size&quot;:&quot;&quot;,&quot;sizes&quot;:[]},&quot;animation_direction&quot;:null}]}\">\n\t\t\t\t\t\t\t<div class=\"elementor-background-overlay\"><\/div>\n\t\t\t\t\t\t\t<div class=\"elementor-container elementor-column-gap-no\">\n\t\t\t\t\t<div class=\"elementor-column elementor-col-100 elementor-top-column elementor-element elementor-element-b148ea5\" data-id=\"b148ea5\" data-element_type=\"column\" data-e-type=\"column\">\n\t\t\t<div class=\"elementor-widget-wrap elementor-element-populated\">\n\t\t\t\t\t\t<section class=\"elementor-section elementor-inner-section elementor-element elementor-element-bfa8a75 pricing_boxes elementor-section-boxed elementor-section-height-default elementor-section-height-default\" data-id=\"bfa8a75\" data-element_type=\"section\" data-e-type=\"section\">\n\t\t\t\t\t\t<div class=\"elementor-container elementor-column-gap-no\">\n\t\t\t\t\t<div class=\"elementor-column elementor-col-25 elementor-inner-column elementor-element elementor-element-b8d6bb6\" data-id=\"b8d6bb6\" data-element_type=\"column\" data-e-type=\"column\">\n\t\t\t<div class=\"elementor-widget-wrap\">\n\t\t\t\t\t\t\t<\/div>\n\t\t<\/div>\n\t\t\t\t<div class=\"elementor-column elementor-col-25 elementor-inner-column elementor-element elementor-element-e0b3b05\" data-id=\"e0b3b05\" data-element_type=\"column\" data-e-type=\"column\">\n\t\t\t<div class=\"elementor-widget-wrap\">\n\t\t\t\t\t\t\t<\/div>\n\t\t<\/div>\n\t\t\t\t<div class=\"elementor-column elementor-col-25 elementor-inner-column elementor-element elementor-element-8ee481f\" data-id=\"8ee481f\" data-element_type=\"column\" data-e-type=\"column\">\n\t\t\t<div class=\"elementor-widget-wrap\">\n\t\t\t\t\t\t\t<\/div>\n\t\t<\/div>\n\t\t\t\t<div class=\"elementor-column elementor-col-25 elementor-inner-column elementor-element elementor-element-fd9c3a2\" data-id=\"fd9c3a2\" data-element_type=\"column\" data-e-type=\"column\">\n\t\t\t<div class=\"elementor-widget-wrap\">\n\t\t\t\t\t\t\t<\/div>\n\t\t<\/div>\n\t\t\t\t\t<\/div>\n\t\t<\/section>\n\t\t\t\t\t<\/div>\n\t\t<\/div>\n\t\t\t\t\t<\/div>\n\t\t<\/section>\n\t\t\t\t<\/div>\n\t\t","protected":false},"excerpt":{"rendered":"<p>G\u00f6z T\u00fcm Departmanlar Uzm. Dr. Derya Ta\u015f G\u00f6z Op. Dr. \u0130smail Kural G\u00f6z Opr.Dr. Mahmut Serhatl\u0131 G\u00f6z Opr.Dr. Murat Sa\u011flam G\u00f6z G\u00f6z Birimi Tan\u0131 Ara\u00e7lar\u0131 \u2022 OCT \u2022 Muayene \u00dcnitleri \u2022 Biyomikroskop \u2022 Optik Biyometri \u2022 Otorefraktokeratometre \u2022 Goldman Tonometri \u00a0 \u2022 Foropter \u2022 Digital Lensmetre \u2022 Chart Projector \u2022 Keratometre \u2022 Air-Puff Tonometri \u2022 [&hellip;]<\/p>\n","protected":false},"author":1,"featured_media":0,"parent":0,"menu_order":0,"comment_status":"closed","ping_status":"closed","template":"template\/template-page.php","meta":{"footnotes":""},"class_list":["post-2306","page","type-page","status-publish","hentry"],"_links":{"self":[{"href":"https:\/\/www.gozdelazer.com\/goz\/wp-json\/wp\/v2\/pages\/2306","targetHints":{"allow":["GET"]}}],"collection":[{"href":"https:\/\/www.gozdelazer.com\/goz\/wp-json\/wp\/v2\/pages"}],"about":[{"href":"https:\/\/www.gozdelazer.com\/goz\/wp-json\/wp\/v2\/types\/page"}],"author":[{"embeddable":true,"href":"https:\/\/www.gozdelazer.com\/goz\/wp-json\/wp\/v2\/users\/1"}],"replies":[{"embeddable":true,"href":"https:\/\/www.gozdelazer.com\/goz\/wp-json\/wp\/v2\/comments?post=2306"}],"version-history":[{"count":27,"href":"https:\/\/www.gozdelazer.com\/goz\/wp-json\/wp\/v2\/pages\/2306\/revisions"}],"predecessor-version":[{"id":6533,"href":"https:\/\/www.gozdelazer.com\/goz\/wp-json\/wp\/v2\/pages\/2306\/revisions\/6533"}],"wp:attachment":[{"href":"https:\/\/www.gozdelazer.com\/goz\/wp-json\/wp\/v2\/media?parent=2306"}],"curies":[{"name":"wp","href":"https:\/\/api.w.org\/{rel}","templated":true}]}}