{"id":1155,"date":"2019-09-02T08:07:31","date_gmt":"2019-09-02T08:07:31","guid":{"rendered":"http:\/\/localhost\/?page_id=1155"},"modified":"2025-05-07T10:05:19","modified_gmt":"2025-05-07T07:05:19","slug":"hakkimizda","status":"publish","type":"page","link":"https:\/\/www.gozdelazer.com\/goz\/hakkimizda\/","title":{"rendered":"Hakk\u0131m\u0131zda"},"content":{"rendered":"\t\t<div data-elementor-type=\"wp-post\" data-elementor-id=\"1155\" class=\"elementor elementor-1155\">\n\t\t\t\t\t\t<section class=\"elementor-section elementor-top-section elementor-element elementor-element-d5b672e elementor-section-content-top ov-h elementor-section-boxed elementor-section-height-default elementor-section-height-default\" data-id=\"d5b672e\" data-element_type=\"section\" data-e-type=\"section\" data-settings=\"{&quot;background_background&quot;:&quot;classic&quot;}\">\n\t\t\t\t\t\t<div class=\"elementor-container elementor-column-gap-default\">\n\t\t\t\t\t<div class=\"elementor-column elementor-col-50 elementor-top-column elementor-element elementor-element-186fb7e medizco_video_popup_wrap elementor-invisible\" data-id=\"186fb7e\" data-element_type=\"column\" data-e-type=\"column\" data-settings=\"{&quot;animation&quot;:&quot;fadeInUp&quot;,&quot;animation_delay&quot;:0}\">\n\t\t\t<div class=\"elementor-widget-wrap elementor-element-populated\">\n\t\t\t\t\t\t<div class=\"elementor-element elementor-element-e992f42 medizco_video_popup elementor-widget elementor-widget-elementskit-video\" data-id=\"e992f42\" data-element_type=\"widget\" data-e-type=\"widget\" data-widget_type=\"elementskit-video.default\">\n\t\t\t\t<div class=\"elementor-widget-container\">\n\t\t\t\t\t<div class=\"ekit-wid-con\" >\t\t<div class=\"video-content\" data-video-player=\"[]\" data-video-setting=\"{&quot;videoVolume&quot;:&quot;horizontal&quot;,&quot;startVolume&quot;:0.8000000000000000444089209850062616169452667236328125,&quot;videoType&quot;:&quot;iframe&quot;,&quot;videoClass&quot;:&quot;mfp-fade&quot;,&quot;videoStyle&quot;:&quot;popup&quot;,&quot;videoTypeName&quot;:&quot;youtube&quot;,&quot;autoplay&quot;:true,&quot;muted&quot;:false,&quot;loop&quot;:false}\">\n\t\t\t\n<a class=\"ekit_icon_button glow-ripple ekit-video-popup ekit-video-popup-btn\" href=\"https:\/\/www.youtube.com\/embed\/dKANhIU7Sxk?feature=oembed?playlist=dKANhIU7Sxk&amp;mute=0&amp;autoplay=1&amp;loop=no&amp;controls=0&amp;start=0&amp;end=\" aria-label=\"video-popup\">\n\t\t\t\t<i aria-hidden=\"true\" class=\"fasicon icon-play-button\"><\/i>\t\t\n\t\t\t<\/a>\n\t\t\t\t\t\t\t<div class=\"ekit-hidden-icons\" hidden aria-hidden=\"true\">\n\t\t\t\t\t<i class=\"ekit-popup-close-icon icon icon-cancel\"><\/i>\t\t\t\t<\/div>\n\t\t<\/div>\n\t\t<\/div>\t\t\t\t<\/div>\n\t\t\t\t<\/div>\n\t\t\t\t\t<\/div>\n\t\t<\/div>\n\t\t\t\t<div class=\"elementor-column elementor-col-50 elementor-top-column elementor-element elementor-element-ac65cc9 elementor-invisible\" data-id=\"ac65cc9\" data-element_type=\"column\" data-e-type=\"column\" data-settings=\"{&quot;animation&quot;:&quot;fadeInUp&quot;,&quot;animation_delay&quot;:300}\">\n\t\t\t<div class=\"elementor-widget-wrap elementor-element-populated\">\n\t\t\t\t\t\t<div class=\"elementor-element elementor-element-65a4666 elementor-widget elementor-widget-heading\" data-id=\"65a4666\" data-element_type=\"widget\" data-e-type=\"widget\" data-widget_type=\"heading.default\">\n\t\t\t\t\t<h4 class=\"elementor-heading-title elementor-size-default\">UZMAN DENEY\u0130ML\u0130 KADRO<\/h4>\t\t\t\t<\/div>\n\t\t\t\t<div class=\"elementor-element elementor-element-5b33335 elementor-widget elementor-widget-text-editor\" data-id=\"5b33335\" data-element_type=\"widget\" data-e-type=\"widget\" data-widget_type=\"text-editor.default\">\n\t\t\t\t\t\t\t\t\t<p style=\"text-align: justify;\">G\u00f6zde Lazer G\u00f6z Hastal\u0131klar\u0131 T\u0131p Merkezi, Ordu ilinde ilk \u00f6zel g\u00f6z merkezidir, 2001 y\u0131l\u0131nda kurulmu\u015f olup, 2016 Aral\u0131k ay\u0131nda yeni binas\u0131nda faaliyet g\u00f6stermeye ba\u015flayan merkezimiz, yakla\u015f\u0131k 1000 m2 kapal\u0131 alana sahip ve 20 ara\u00e7l\u0131k a\u00e7\u0131k otopark\u0131 bulunan bir merkezdir. 3 ki\u015fi tam zamanl\u0131 g\u00f6z hastal\u0131klar\u0131 uzman\u0131, 1 tam zamanl\u0131 anastezi Uzman\u0131 olmak \u00fczere toplamda 4 uzman hekimi ile hastalar\u0131na kaliteli hizmet sunmaktad\u0131r. \u00d6zel G\u00f6zde Lazer G\u00f6z Hastal\u0131klar\u0131 T\u0131p Merkezi, 1 adet ameliyathaneye sahiptir.<\/p>\t\t\t\t\t\t\t\t<\/div>\n\t\t\t\t<div class=\"elementor-element elementor-element-ece44aa elementor-widget elementor-widget-text-editor\" data-id=\"ece44aa\" data-element_type=\"widget\" data-e-type=\"widget\" data-widget_type=\"text-editor.default\">\n\t\t\t\t\t\t\t\t\t<p style=\"text-align: justify;\">G\u00f6z hastal\u0131klar\u0131n\u0131n, tetkik ve tedavileri konusunda T\u00fcrkiye ve yurtd\u0131\u015f\u0131ndan gelen hastalar\u0131na kaliteli sa\u011fl\u0131k hizmeti vermeyi hedeflemekte, kendi alan\u0131nda uzmanla\u015fm\u0131\u015f hekim kadrosu ile t\u00fcm g\u00f6z hastal\u0131klar\u0131n\u0131n tedavilerini ve t\u00fcm cerrahi m\u00fcdahaleleri tam te\u015fekk\u00fcll\u00fc ameliyathanelerinde en geli\u015fmi\u015f teknolojilerle sunmaktad\u0131r.<\/p>\t\t\t\t\t\t\t\t<\/div>\n\t\t\t\t\t<\/div>\n\t\t<\/div>\n\t\t\t\t\t<\/div>\n\t\t<\/section>\n\t\t\t\t<section class=\"elementor-section elementor-top-section elementor-element elementor-element-2010efe elementor-section-boxed elementor-section-height-default elementor-section-height-default\" data-id=\"2010efe\" data-element_type=\"section\" data-e-type=\"section\" data-settings=\"{&quot;background_background&quot;:&quot;classic&quot;}\">\n\t\t\t\t\t\t<div class=\"elementor-container elementor-column-gap-default\">\n\t\t\t\t\t<div class=\"elementor-column elementor-col-100 elementor-top-column elementor-element elementor-element-624620c\" data-id=\"624620c\" data-element_type=\"column\" data-e-type=\"column\">\n\t\t\t<div class=\"elementor-widget-wrap elementor-element-populated\">\n\t\t\t\t\t\t<section class=\"elementor-section elementor-inner-section elementor-element elementor-element-fa530c1 elementor-section-boxed elementor-section-height-default elementor-section-height-default\" data-id=\"fa530c1\" data-element_type=\"section\" data-e-type=\"section\">\n\t\t\t\t\t\t<div class=\"elementor-container elementor-column-gap-no\">\n\t\t\t\t\t<div class=\"elementor-column elementor-col-33 elementor-inner-column elementor-element elementor-element-523359b\" data-id=\"523359b\" data-element_type=\"column\" data-e-type=\"column\">\n\t\t\t<div class=\"elementor-widget-wrap\">\n\t\t\t\t\t\t\t<\/div>\n\t\t<\/div>\n\t\t\t\t<div class=\"elementor-column elementor-col-33 elementor-inner-column elementor-element elementor-element-087a854\" data-id=\"087a854\" data-element_type=\"column\" data-e-type=\"column\">\n\t\t\t<div class=\"elementor-widget-wrap elementor-element-populated\">\n\t\t\t\t\t\t<div class=\"elementor-element elementor-element-a6b4f3f elementor-invisible elementor-widget elementor-widget-elementskit-heading\" data-id=\"a6b4f3f\" data-element_type=\"widget\" data-e-type=\"widget\" data-settings=\"{&quot;_animation&quot;:&quot;fadeInUp&quot;,&quot;_animation_delay&quot;:0}\" data-widget_type=\"elementskit-heading.default\">\n\t\t\t\t\t<div class=\"ekit-wid-con\" ><div class=\"ekit-heading elementskit-section-title-wraper text_center   ekit_heading_tablet-   ekit_heading_mobile-\"><h2 class=\"ekit-heading--title elementskit-section-title \">M\u0130SYONUMUZ<\/h2><\/div><\/div>\t\t\t\t<\/div>\n\t\t\t\t\t<\/div>\n\t\t<\/div>\n\t\t\t\t<div class=\"elementor-column elementor-col-33 elementor-inner-column elementor-element elementor-element-f1df04b elementor-hidden-tablet elementor-hidden-phone\" data-id=\"f1df04b\" data-element_type=\"column\" data-e-type=\"column\">\n\t\t\t<div class=\"elementor-widget-wrap\">\n\t\t\t\t\t\t\t<\/div>\n\t\t<\/div>\n\t\t\t\t\t<\/div>\n\t\t<\/section>\n\t\t\t\t<div class=\"elementor-element elementor-element-105605a elementor-widget elementor-widget-text-editor\" data-id=\"105605a\" data-element_type=\"widget\" data-e-type=\"widget\" data-widget_type=\"text-editor.default\">\n\t\t\t\t\t\t\t\t\t<h5 style=\"text-align: justify;\">\u00d6zel G\u00f6zde Lazer G\u00f6z Hastal\u0131klar\u0131 T\u0131p Merkezi olarak;<\/h5><h5 style=\"text-align: justify;\">Etik de\u011ferlere ba\u011fl\u0131, hasta haklar\u0131na sayg\u0131l\u0131, din, dil, \u0131rk ve cinsiyet ayr\u0131m\u0131 g\u00f6zetmeksizin nitelikli ve uzman kadromuz ile g\u00f6z hastal\u0131klar\u0131n\u0131n te\u015fhis ve tedavi s\u00fcre\u00e7lerinde kaliteli sa\u011fl\u0131k hizmeti sunmakt\u0131r.<\/h5>\t\t\t\t\t\t\t\t<\/div>\n\t\t\t\t<section class=\"elementor-section elementor-inner-section elementor-element elementor-element-0de8768 elementor-section-boxed elementor-section-height-default elementor-section-height-default\" data-id=\"0de8768\" data-element_type=\"section\" data-e-type=\"section\">\n\t\t\t\t\t\t<div class=\"elementor-container elementor-column-gap-no\">\n\t\t\t\t\t<div class=\"elementor-column elementor-col-33 elementor-inner-column elementor-element elementor-element-1087488\" data-id=\"1087488\" data-element_type=\"column\" data-e-type=\"column\">\n\t\t\t<div class=\"elementor-widget-wrap\">\n\t\t\t\t\t\t\t<\/div>\n\t\t<\/div>\n\t\t\t\t<div class=\"elementor-column elementor-col-33 elementor-inner-column elementor-element elementor-element-229bd47\" data-id=\"229bd47\" data-element_type=\"column\" data-e-type=\"column\">\n\t\t\t<div class=\"elementor-widget-wrap elementor-element-populated\">\n\t\t\t\t\t\t<div class=\"elementor-element elementor-element-09ccf07 elementor-invisible elementor-widget elementor-widget-elementskit-heading\" data-id=\"09ccf07\" data-element_type=\"widget\" data-e-type=\"widget\" data-settings=\"{&quot;_animation&quot;:&quot;fadeInUp&quot;,&quot;_animation_delay&quot;:0}\" data-widget_type=\"elementskit-heading.default\">\n\t\t\t\t\t<div class=\"ekit-wid-con\" ><div class=\"ekit-heading elementskit-section-title-wraper text_center   ekit_heading_tablet-   ekit_heading_mobile-\"><h2 class=\"ekit-heading--title elementskit-section-title \">V\u0130ZYONUMUZ<\/h2><\/div><\/div>\t\t\t\t<\/div>\n\t\t\t\t\t<\/div>\n\t\t<\/div>\n\t\t\t\t<div class=\"elementor-column elementor-col-33 elementor-inner-column elementor-element elementor-element-687e968 elementor-hidden-tablet elementor-hidden-phone\" data-id=\"687e968\" data-element_type=\"column\" data-e-type=\"column\">\n\t\t\t<div class=\"elementor-widget-wrap\">\n\t\t\t\t\t\t\t<\/div>\n\t\t<\/div>\n\t\t\t\t\t<\/div>\n\t\t<\/section>\n\t\t\t\t<div class=\"elementor-element elementor-element-f391baa elementor-widget elementor-widget-text-editor\" data-id=\"f391baa\" data-element_type=\"widget\" data-e-type=\"widget\" data-widget_type=\"text-editor.default\">\n\t\t\t\t\t\t\t\t\t<h5 style=\"text-align: justify;\">\u00d6zel G\u00f6zde Lazer G\u00f6z Hastal\u0131klar\u0131 T\u0131p Merkezi olarak;<\/h5><h5 style=\"text-align: justify;\">\u00c7a\u011fda\u015f bir y\u00f6netim sistemi ile g\u00f6z hastal\u0131klar\u0131n\u0131n te\u015fhis ve tedavi s\u00fcre\u00e7lerinde, t\u0131bbi uygulamalar ve teknolojisi ile \u00f6rnek g\u00f6sterilen, toplumumuzun ve genel olarak b\u00f6lgemizde \u00f6ncelikle tercih edilen lider bir sa\u011fl\u0131k kurulu\u015fu ve referans merkezi olmakt\u0131r.<\/h5>\t\t\t\t\t\t\t\t<\/div>\n\t\t\t\t\t<\/div>\n\t\t<\/div>\n\t\t\t\t\t<\/div>\n\t\t<\/section>\n\t\t\t\t<section class=\"elementor-section elementor-top-section elementor-element elementor-element-e0db9bf elementor-section-boxed elementor-section-height-default elementor-section-height-default\" data-id=\"e0db9bf\" data-element_type=\"section\" data-e-type=\"section\" data-settings=\"{&quot;background_background&quot;:&quot;classic&quot;}\">\n\t\t\t\t\t\t<div class=\"elementor-container elementor-column-gap-default\">\n\t\t\t\t\t<div class=\"elementor-column elementor-col-100 elementor-top-column elementor-element elementor-element-197da19\" data-id=\"197da19\" data-element_type=\"column\" data-e-type=\"column\">\n\t\t\t<div class=\"elementor-widget-wrap elementor-element-populated\">\n\t\t\t\t\t\t<section class=\"elementor-section elementor-inner-section elementor-element elementor-element-f4e31e1 elementor-section-boxed elementor-section-height-default elementor-section-height-default\" data-id=\"f4e31e1\" data-element_type=\"section\" data-e-type=\"section\">\n\t\t\t\t\t\t<div class=\"elementor-container elementor-column-gap-no\">\n\t\t\t\t\t<div class=\"elementor-column elementor-col-33 elementor-inner-column elementor-element elementor-element-7670393\" data-id=\"7670393\" data-element_type=\"column\" data-e-type=\"column\">\n\t\t\t<div class=\"elementor-widget-wrap\">\n\t\t\t\t\t\t\t<\/div>\n\t\t<\/div>\n\t\t\t\t<div class=\"elementor-column elementor-col-33 elementor-inner-column elementor-element elementor-element-720297e\" data-id=\"720297e\" data-element_type=\"column\" data-e-type=\"column\">\n\t\t\t<div class=\"elementor-widget-wrap elementor-element-populated\">\n\t\t\t\t\t\t<div class=\"elementor-element elementor-element-8b26031 elementor-invisible elementor-widget elementor-widget-elementskit-heading\" data-id=\"8b26031\" data-element_type=\"widget\" data-e-type=\"widget\" data-settings=\"{&quot;_animation&quot;:&quot;fadeInUp&quot;,&quot;_animation_delay&quot;:0}\" data-widget_type=\"elementskit-heading.default\">\n\t\t\t\t\t<div class=\"ekit-wid-con\" ><div class=\"ekit-heading elementskit-section-title-wraper text_center   ekit_heading_tablet-   ekit_heading_mobile-\"><h2 class=\"ekit-heading--title elementskit-section-title \">Uzman\u0131m\u0131zla Tan\u0131\u015f\u0131n<\/h2><\/div><\/div>\t\t\t\t<\/div>\n\t\t\t\t\t<\/div>\n\t\t<\/div>\n\t\t\t\t<div class=\"elementor-column elementor-col-33 elementor-inner-column elementor-element elementor-element-335ba59 elementor-hidden-tablet elementor-hidden-phone\" data-id=\"335ba59\" data-element_type=\"column\" data-e-type=\"column\">\n\t\t\t<div class=\"elementor-widget-wrap\">\n\t\t\t\t\t\t\t<\/div>\n\t\t<\/div>\n\t\t\t\t\t<\/div>\n\t\t<\/section>\n\t\t\t\t<div class=\"elementor-element elementor-element-a9a6022 elementor-widget elementor-widget-text-editor\" data-id=\"a9a6022\" data-element_type=\"widget\" data-e-type=\"widget\" data-widget_type=\"text-editor.default\">\n\t\t\t\t\t\t\t\t\t<h5 style=\"text-align: center;\">Deneyimli uzman kadrosuyla hastalar\u0131m\u0131z\u0131n sa\u011fl\u0131klar\u0131n\u0131 korumak, olan hastal\u0131klar\u0131n\u0131 modern teknolojik cihazlarla muayene, tetkik,te\u015fhis ve tedavi etmek amac\u0131yla, d\u00fcnya standartlar\u0131nda etkin, g\u00fcvenilir ve kaliteli bir hizmet vermektedir.<\/h5>\t\t\t\t\t\t\t\t<\/div>\n\t\t\t\t<div class=\"elementor-element elementor-element-139e271 elementor-widget elementor-widget-medizco-doctors\" data-id=\"139e271\" data-element_type=\"widget\" data-e-type=\"widget\" data-widget_type=\"medizco-doctors.default\">\n\t\t\t\t<div class=\"elementor-widget-container\">\n\t\t\t\t\t\n        <div class=\"medizco_doctors medizco_doctors_filter\" data-rtl=\"\">\n                <ul class=\"filter_nav d-flex flex-wrap justify-content-center\">\n                    <li class=\"filter active\" data-filter=\".goz\">G\u00f6z<\/li>\n                        <li class=\"filter \" data-filter=\".tum-departmanlar\">T\u00fcm Departmanlar<\/li>\n                <\/ul>\n<div class=\"filter_items row\"><div class=\"filter_item mix col-lg-3 col-md-6 col-sm-12 goz\">\n<div class=\"doctor_box\">\n    <div class=\"doctor_box_img\">\n        <img fetchpriority=\"high\" decoding=\"async\" width=\"557\" height=\"639\" src=\"https:\/\/www.gozdelazer.com\/goz\/wp-content\/uploads\/2025\/04\/deryaweb.png\" class=\"attachment-medium_large size-medium_large wp-post-image\" alt=\"\" srcset=\"https:\/\/www.gozdelazer.com\/goz\/wp-content\/uploads\/2025\/04\/deryaweb.png 557w, https:\/\/www.gozdelazer.com\/goz\/wp-content\/uploads\/2025\/04\/deryaweb-262x300.png 262w\" sizes=\"(max-width: 557px) 100vw, 557px\" \/>            <\/div>\n\n    <!--     <div class=\"doctor_box_icon\">\n        <i class=\"fa fa-eye-slash doctor_box_icon_item\"><\/i>\n    <\/div>\n        array(5) {\n  [\"type\"]=>\n  string(9) \"icon-font\"\n  [\"icon-class\"]=>\n  string(15) \"fa fa-eye-slash\"\n  [\"icon-class-without-root\"]=>\n  string(12) \"fa-eye-slash\"\n  [\"pack-name\"]=>\n  string(12) \"font-awesome\"\n  [\"pack-css-uri\"]=>\n  string(116) \"https:\/\/www.gozdelazer.com\/goz\/wp-content\/plugins\/unyson\/framework\/static\/libs\/font-awesome\/css\/font-awesome.min.css\"\n}\n     -->\n\n        <div class=\"doctor_box_icon\">\n        <i class=\"fa fa-eye-slash doctor_box_icon_item\"><\/i>\n\n    <\/div>\n        \n\n    <div class=\"doctor_box_content\">\n        <h3 class=\"doctor_box_title\">Opr. Dr. Derya Ta\u015f<\/h3>\n\n                <p class=\"doctor_box_role\">G\u00f6z<\/p>\n            <\/div>\n\n    <a href=\"https:\/\/www.gozdelazer.com\/goz\/doctor\/derya-tas\/\" class=\"doctor_box_link\"><\/a>\n<\/div>\n<\/div><div class=\"filter_item mix col-lg-3 col-md-6 col-sm-12 goz tum-departmanlar\">\n<div class=\"doctor_box\">\n    <div class=\"doctor_box_img\">\n        <img decoding=\"async\" width=\"557\" height=\"639\" src=\"https:\/\/www.gozdelazer.com\/goz\/wp-content\/uploads\/2025\/04\/ismailweb.png\" class=\"attachment-medium_large size-medium_large wp-post-image\" alt=\"\" srcset=\"https:\/\/www.gozdelazer.com\/goz\/wp-content\/uploads\/2025\/04\/ismailweb.png 557w, https:\/\/www.gozdelazer.com\/goz\/wp-content\/uploads\/2025\/04\/ismailweb-262x300.png 262w\" sizes=\"(max-width: 557px) 100vw, 557px\" \/>            <\/div>\n\n    <!--     <div class=\"doctor_box_icon\">\n        <i class=\"fa fa-eye-slash doctor_box_icon_item\"><\/i>\n    <\/div>\n        array(5) {\n  [\"type\"]=>\n  string(9) \"icon-font\"\n  [\"icon-class\"]=>\n  string(15) \"fa fa-eye-slash\"\n  [\"icon-class-without-root\"]=>\n  string(12) \"fa-eye-slash\"\n  [\"pack-name\"]=>\n  string(12) \"font-awesome\"\n  [\"pack-css-uri\"]=>\n  string(116) \"https:\/\/www.gozdelazer.com\/goz\/wp-content\/plugins\/unyson\/framework\/static\/libs\/font-awesome\/css\/font-awesome.min.css\"\n}\n     -->\n\n        <div class=\"doctor_box_icon\">\n        <i class=\"fa fa-eye-slash doctor_box_icon_item\"><\/i>\n\n    <\/div>\n        \n\n    <div class=\"doctor_box_content\">\n        <h3 class=\"doctor_box_title\">Op. Dr. \u0130smail Kural<\/h3>\n\n                <p class=\"doctor_box_role\">G\u00f6z<\/p>\n            <\/div>\n\n    <a href=\"https:\/\/www.gozdelazer.com\/goz\/doctor\/ismail-kural\/\" class=\"doctor_box_link\"><\/a>\n<\/div>\n<\/div><div class=\"filter_item mix col-lg-3 col-md-6 col-sm-12 goz\">\n<div class=\"doctor_box\">\n    <div class=\"doctor_box_img\">\n        <img decoding=\"async\" width=\"559\" height=\"639\" src=\"https:\/\/www.gozdelazer.com\/goz\/wp-content\/uploads\/2025\/04\/mahmutweb-1.png\" class=\"attachment-medium_large size-medium_large wp-post-image\" alt=\"\" srcset=\"https:\/\/www.gozdelazer.com\/goz\/wp-content\/uploads\/2025\/04\/mahmutweb-1.png 559w, https:\/\/www.gozdelazer.com\/goz\/wp-content\/uploads\/2025\/04\/mahmutweb-1-262x300.png 262w\" sizes=\"(max-width: 559px) 100vw, 559px\" \/>            <\/div>\n\n    <!--     <div class=\"doctor_box_icon\">\n        <i class=\"fa fa-eye-slash doctor_box_icon_item\"><\/i>\n    <\/div>\n        array(5) {\n  [\"type\"]=>\n  string(9) \"icon-font\"\n  [\"icon-class\"]=>\n  string(15) \"fa fa-eye-slash\"\n  [\"icon-class-without-root\"]=>\n  string(12) \"fa-eye-slash\"\n  [\"pack-name\"]=>\n  string(12) \"font-awesome\"\n  [\"pack-css-uri\"]=>\n  string(116) \"https:\/\/www.gozdelazer.com\/goz\/wp-content\/plugins\/unyson\/framework\/static\/libs\/font-awesome\/css\/font-awesome.min.css\"\n}\n     -->\n\n        <div class=\"doctor_box_icon\">\n        <i class=\"fa fa-eye-slash doctor_box_icon_item\"><\/i>\n\n    <\/div>\n        \n\n    <div class=\"doctor_box_content\">\n        <h3 class=\"doctor_box_title\">Opr.Dr. Mahmut Serhatl\u0131<\/h3>\n\n                <p class=\"doctor_box_role\">G\u00f6z<\/p>\n            <\/div>\n\n    <a href=\"https:\/\/www.gozdelazer.com\/goz\/doctor\/mahmut-serhatli\/\" class=\"doctor_box_link\"><\/a>\n<\/div>\n<\/div><div class=\"filter_item mix col-lg-3 col-md-6 col-sm-12 goz tum-departmanlar\">\n<div class=\"doctor_box\">\n    <div class=\"doctor_box_img\">\n        <img loading=\"lazy\" decoding=\"async\" width=\"549\" height=\"639\" src=\"https:\/\/www.gozdelazer.com\/goz\/wp-content\/uploads\/2025\/04\/muratweb-1.png\" class=\"attachment-medium_large size-medium_large wp-post-image\" alt=\"\" srcset=\"https:\/\/www.gozdelazer.com\/goz\/wp-content\/uploads\/2025\/04\/muratweb-1.png 549w, https:\/\/www.gozdelazer.com\/goz\/wp-content\/uploads\/2025\/04\/muratweb-1-258x300.png 258w\" sizes=\"(max-width: 549px) 100vw, 549px\" \/>            <\/div>\n\n    <!--     <div class=\"doctor_box_icon\">\n        <i class=\"fa fa-eye-slash doctor_box_icon_item\"><\/i>\n    <\/div>\n        array(5) {\n  [\"type\"]=>\n  string(9) \"icon-font\"\n  [\"icon-class\"]=>\n  string(15) \"fa fa-eye-slash\"\n  [\"icon-class-without-root\"]=>\n  string(12) \"fa-eye-slash\"\n  [\"pack-name\"]=>\n  string(12) \"font-awesome\"\n  [\"pack-css-uri\"]=>\n  string(116) \"https:\/\/www.gozdelazer.com\/goz\/wp-content\/plugins\/unyson\/framework\/static\/libs\/font-awesome\/css\/font-awesome.min.css\"\n}\n     -->\n\n        <div class=\"doctor_box_icon\">\n        <i class=\"fa fa-eye-slash doctor_box_icon_item\"><\/i>\n\n    <\/div>\n        \n\n    <div class=\"doctor_box_content\">\n        <h3 class=\"doctor_box_title\">Opr.Dr. Murat Sa\u011flam<\/h3>\n\n                <p class=\"doctor_box_role\">G\u00f6z<\/p>\n            <\/div>\n\n    <a href=\"https:\/\/www.gozdelazer.com\/goz\/doctor\/murat-saglam\/\" class=\"doctor_box_link\"><\/a>\n<\/div>\n<\/div><\/div>        <\/div>\n        \t\t\t\t<\/div>\n\t\t\t\t<\/div>\n\t\t\t\t\t<\/div>\n\t\t<\/div>\n\t\t\t\t\t<\/div>\n\t\t<\/section>\n\t\t\t\t<\/div>\n\t\t","protected":false},"excerpt":{"rendered":"<p>UZMAN DENEY\u0130ML\u0130 KADRO G\u00f6zde Lazer G\u00f6z Hastal\u0131klar\u0131 T\u0131p Merkezi, Ordu ilinde ilk \u00f6zel g\u00f6z merkezidir, 2001 y\u0131l\u0131nda kurulmu\u015f olup, 2016 Aral\u0131k ay\u0131nda yeni binas\u0131nda faaliyet g\u00f6stermeye ba\u015flayan merkezimiz, yakla\u015f\u0131k 1000 m2 kapal\u0131 alana sahip ve 20 ara\u00e7l\u0131k a\u00e7\u0131k otopark\u0131 bulunan bir merkezdir. 3 ki\u015fi tam zamanl\u0131 g\u00f6z hastal\u0131klar\u0131 uzman\u0131, 1 tam zamanl\u0131 anastezi Uzman\u0131 olmak [&hellip;]<\/p>\n","protected":false},"author":1,"featured_media":0,"parent":0,"menu_order":0,"comment_status":"closed","ping_status":"closed","template":"template\/template-page.php","meta":{"footnotes":""},"class_list":["post-1155","page","type-page","status-publish","hentry"],"_links":{"self":[{"href":"https:\/\/www.gozdelazer.com\/goz\/wp-json\/wp\/v2\/pages\/1155","targetHints":{"allow":["GET"]}}],"collection":[{"href":"https:\/\/www.gozdelazer.com\/goz\/wp-json\/wp\/v2\/pages"}],"about":[{"href":"https:\/\/www.gozdelazer.com\/goz\/wp-json\/wp\/v2\/types\/page"}],"author":[{"embeddable":true,"href":"https:\/\/www.gozdelazer.com\/goz\/wp-json\/wp\/v2\/users\/1"}],"replies":[{"embeddable":true,"href":"https:\/\/www.gozdelazer.com\/goz\/wp-json\/wp\/v2\/comments?post=1155"}],"version-history":[{"count":49,"href":"https:\/\/www.gozdelazer.com\/goz\/wp-json\/wp\/v2\/pages\/1155\/revisions"}],"predecessor-version":[{"id":7142,"href":"https:\/\/www.gozdelazer.com\/goz\/wp-json\/wp\/v2\/pages\/1155\/revisions\/7142"}],"wp:attachment":[{"href":"https:\/\/www.gozdelazer.com\/goz\/wp-json\/wp\/v2\/media?parent=1155"}],"curies":[{"name":"wp","href":"https:\/\/api.w.org\/{rel}","templated":true}]}}